{"id":293,"date":"2017-02-03T14:54:47","date_gmt":"2017-02-03T13:54:47","guid":{"rendered":"http:\/\/ecole.ac-nice.fr\/cagnes\/?page_id=293"},"modified":"2024-12-23T22:29:41","modified_gmt":"2024-12-23T21:29:41","slug":"bienvenue-sur-le-nouveau-site","status":"publish","type":"page","link":"https:\/\/ecole.ac-nice.fr\/cagnes\/","title":{"rendered":"Pr\u00e9sentation de la circonscription"},"content":{"rendered":"<div class=\"wp-block-image\">\n<figure class=\"aligncenter\"><img loading=\"lazy\" decoding=\"async\" width=\"297\" height=\"300\" src=\"https:\/\/ecole.ac-nice.fr\/cagnes\/wp-content\/uploads\/2021\/02\/CARTE-CIRCO-297x300.png\" alt=\"\" class=\"wp-image-995\" srcset=\"https:\/\/ecole.ac-nice.fr\/cagnes\/wp-content\/uploads\/2021\/02\/CARTE-CIRCO-297x300.png 297w, https:\/\/ecole.ac-nice.fr\/cagnes\/wp-content\/uploads\/2021\/02\/CARTE-CIRCO-768x775.png 768w, https:\/\/ecole.ac-nice.fr\/cagnes\/wp-content\/uploads\/2021\/02\/CARTE-CIRCO.png 842w\" sizes=\"auto, (max-width: 297px) 85vw, 297px\" \/><\/figure>\n<\/div>\n\n\n<p><span style=\"font-family: helvetica, arial, sans-serif; font-size: 14pt;\">La circonscription de Cagnes-sur-Mer est situ\u00e9e au 2 passage Massenet \u00e0 Cagnes-Sur-Mer. Elle s\u2019\u00e9tend sur Cagnes-Sur-Mer et Saint-Laurent-du-Var, ainsi qu\u2019une \u00e9cole sur la commune de La Gaude.<\/span><\/p>\n\n\n\n<p><span style=\"font-family: helvetica, arial, sans-serif; font-size: 14pt;\">Elle compte 37 \u00e9coles qui accueillent plus de 6600 \u00e9l\u00e8ves r\u00e9partis dans 244 classes et qui alimentent 5 coll\u00e8ges publics.<\/span><\/p>\n\n\n\n<p><span style=\"font-family: helvetica, arial, sans-serif; font-size: 14pt;\">Coll\u00e8ges pour Cagnes-Sur-Mer : Les Br\u00e9gui\u00e8res, Andr\u00e9 Malraux, Jules Verne.&nbsp;<\/span><\/p>\n\n\n\n<p><span style=\"font-family: helvetica, arial, sans-serif; font-size: 14pt;\">Coll\u00e8ges pour Saint-Laurent-Du-Var : Joseph Pagnol et Saint-Exup\u00e9ry<\/span><\/p>\n\n\n<div class=\"wp-block-image\">\n<figure class=\"aligncenter\"><img loading=\"lazy\" decoding=\"async\" width=\"300\" height=\"201\" src=\"https:\/\/ecole.ac-nice.fr\/cagnes\/wp-content\/uploads\/2021\/02\/imageonline-co-whitebackgroundremoved5-300x201.png\" alt=\"\" class=\"wp-image-957\" srcset=\"https:\/\/ecole.ac-nice.fr\/cagnes\/wp-content\/uploads\/2021\/02\/imageonline-co-whitebackgroundremoved5-300x201.png 300w, https:\/\/ecole.ac-nice.fr\/cagnes\/wp-content\/uploads\/2021\/02\/imageonline-co-whitebackgroundremoved5-1024x686.png 1024w, https:\/\/ecole.ac-nice.fr\/cagnes\/wp-content\/uploads\/2021\/02\/imageonline-co-whitebackgroundremoved5-768x514.png 768w, https:\/\/ecole.ac-nice.fr\/cagnes\/wp-content\/uploads\/2021\/02\/imageonline-co-whitebackgroundremoved5-1200x803.png 1200w, https:\/\/ecole.ac-nice.fr\/cagnes\/wp-content\/uploads\/2021\/02\/imageonline-co-whitebackgroundremoved5.png 1322w\" sizes=\"auto, (max-width: 300px) 85vw, 300px\" \/><\/figure>\n<\/div>\n\n\n<p><\/p>\n","protected":false},"excerpt":{"rendered":"<p>La circonscription de Cagnes-sur-Mer est situ\u00e9e au 2 passage Massenet \u00e0 Cagnes-Sur-Mer. Elle s\u2019\u00e9tend sur Cagnes-Sur-Mer et Saint-Laurent-du-Var, ainsi qu\u2019une \u00e9cole sur la commune de La Gaude. Elle compte 37 \u00e9coles qui accueillent plus de 6600 \u00e9l\u00e8ves r\u00e9partis dans 244 classes et qui alimentent 5 coll\u00e8ges publics. Coll\u00e8ges pour Cagnes-Sur-Mer : Les Br\u00e9gui\u00e8res, Andr\u00e9 Malraux, &hellip; <a href=\"https:\/\/ecole.ac-nice.fr\/cagnes\/\" class=\"more-link\">Continuer la lecture<span class=\"screen-reader-text\"> de &laquo;&nbsp;Pr\u00e9sentation de la circonscription&nbsp;&raquo;<\/span><\/a><\/p>\n","protected":false},"author":4,"featured_media":0,"parent":0,"menu_order":0,"comment_status":"closed","ping_status":"closed","template":"","meta":{"footnotes":""},"class_list":["post-293","page","type-page","status-publish","hentry"],"_links":{"self":[{"href":"https:\/\/ecole.ac-nice.fr\/cagnes\/wp-json\/wp\/v2\/pages\/293","targetHints":{"allow":["GET"]}}],"collection":[{"href":"https:\/\/ecole.ac-nice.fr\/cagnes\/wp-json\/wp\/v2\/pages"}],"about":[{"href":"https:\/\/ecole.ac-nice.fr\/cagnes\/wp-json\/wp\/v2\/types\/page"}],"author":[{"embeddable":true,"href":"https:\/\/ecole.ac-nice.fr\/cagnes\/wp-json\/wp\/v2\/users\/4"}],"replies":[{"embeddable":true,"href":"https:\/\/ecole.ac-nice.fr\/cagnes\/wp-json\/wp\/v2\/comments?post=293"}],"version-history":[{"count":29,"href":"https:\/\/ecole.ac-nice.fr\/cagnes\/wp-json\/wp\/v2\/pages\/293\/revisions"}],"predecessor-version":[{"id":1824,"href":"https:\/\/ecole.ac-nice.fr\/cagnes\/wp-json\/wp\/v2\/pages\/293\/revisions\/1824"}],"wp:attachment":[{"href":"https:\/\/ecole.ac-nice.fr\/cagnes\/wp-json\/wp\/v2\/media?parent=293"}],"curies":[{"name":"wp","href":"https:\/\/api.w.org\/{rel}","templated":true}]}}