{"id":93,"date":"2020-12-20T17:07:39","date_gmt":"2020-12-20T16:07:39","guid":{"rendered":"http:\/\/ecole.ac-nice.fr\/cagnes\/fahnestock\/?page_id=93"},"modified":"2020-12-22T20:34:57","modified_gmt":"2020-12-22T19:34:57","slug":"les-absences-justifiees","status":"publish","type":"page","link":"https:\/\/ecole.ac-nice.fr\/cagnes\/fahnestock\/les-absences-justifiees\/","title":{"rendered":"Les absences justifi\u00e9es"},"content":{"rendered":"<p>Toute absence doit \u00eatre signal\u00e9e.<\/p>\n<p>Deux cas peuvent se pr\u00e9senter :<\/p>\n<p>&#8211; Soit l\u2019absence est pr\u00e9vue (ex : RDV m\u00e9dical). Utiliser alors le cahier de liaison de l\u2019\u00e9l\u00e8ve afin de noter le motif de l\u2019absence et la date de retour pr\u00e9vue (si elle est connue)<\/p>\n<p>&#8211; soit l\u2019absence est impr\u00e9vue (\u00e9tat fi\u00e9vreux le matin, maladie&#8230;)<br \/>\nAppeler l\u2019\u00e9cole et laisser un message sur le r\u00e9pondeur en pr\u00e9cisant le nom de l\u2019\u00e9l\u00e8ve, sa classe, le motif de l\u2019absence et le retour pr\u00e9vu.<\/p>\n<p>Penser aussi, lorsque l\u2019enfant revient \u00e0 l\u2019\u00e9cole, \u00e0 lui \u00e9crire dans le cahier de liaison la dur\u00e9e et le motif de son absence. Ces justificatifs sont conserv\u00e9s par l\u2019enseignant dans le registre d\u2019appel.<\/p>\n","protected":false},"excerpt":{"rendered":"<p>Toute absence doit \u00eatre signal\u00e9e. Deux cas peuvent se pr\u00e9senter : &#8211; Soit l\u2019absence est pr\u00e9vue (ex : RDV m\u00e9dical). Utiliser alors le cahier de liaison de l\u2019\u00e9l\u00e8ve afin de noter le motif de l\u2019absence et la date de retour pr\u00e9vue (si elle est connue) &#8211; soit l\u2019absence est impr\u00e9vue (\u00e9tat fi\u00e9vreux le matin, maladie&#8230;) &hellip; <a href=\"https:\/\/ecole.ac-nice.fr\/cagnes\/fahnestock\/les-absences-justifiees\/\" class=\"more-link\">Continuer la lecture<span class=\"screen-reader-text\"> de &laquo;&nbsp;Les absences justifi\u00e9es&nbsp;&raquo;<\/span><\/a><\/p>\n","protected":false},"author":59,"featured_media":0,"parent":0,"menu_order":0,"comment_status":"closed","ping_status":"closed","template":"","meta":{"footnotes":""},"class_list":["post-93","page","type-page","status-publish","hentry"],"_links":{"self":[{"href":"https:\/\/ecole.ac-nice.fr\/cagnes\/fahnestock\/wp-json\/wp\/v2\/pages\/93","targetHints":{"allow":["GET"]}}],"collection":[{"href":"https:\/\/ecole.ac-nice.fr\/cagnes\/fahnestock\/wp-json\/wp\/v2\/pages"}],"about":[{"href":"https:\/\/ecole.ac-nice.fr\/cagnes\/fahnestock\/wp-json\/wp\/v2\/types\/page"}],"author":[{"embeddable":true,"href":"https:\/\/ecole.ac-nice.fr\/cagnes\/fahnestock\/wp-json\/wp\/v2\/users\/59"}],"replies":[{"embeddable":true,"href":"https:\/\/ecole.ac-nice.fr\/cagnes\/fahnestock\/wp-json\/wp\/v2\/comments?post=93"}],"version-history":[{"count":4,"href":"https:\/\/ecole.ac-nice.fr\/cagnes\/fahnestock\/wp-json\/wp\/v2\/pages\/93\/revisions"}],"predecessor-version":[{"id":171,"href":"https:\/\/ecole.ac-nice.fr\/cagnes\/fahnestock\/wp-json\/wp\/v2\/pages\/93\/revisions\/171"}],"wp:attachment":[{"href":"https:\/\/ecole.ac-nice.fr\/cagnes\/fahnestock\/wp-json\/wp\/v2\/media?parent=93"}],"curies":[{"name":"wp","href":"https:\/\/api.w.org\/{rel}","templated":true}]}}