{"id":89,"date":"2020-12-20T17:10:03","date_gmt":"2020-12-20T16:10:03","guid":{"rendered":"http:\/\/ecole.ac-nice.fr\/cagnes\/fahnestock\/?page_id=89"},"modified":"2020-12-20T20:01:31","modified_gmt":"2020-12-20T19:01:31","slug":"les-horaires","status":"publish","type":"page","link":"https:\/\/ecole.ac-nice.fr\/cagnes\/fahnestock\/les-horaires\/","title":{"rendered":"Les horaires"},"content":{"rendered":"<p>Horaires de l\u2019\u00e9cole<\/p>\n<p>La classe d\u00e9bute \u00e0 8h30 et 14h.<\/p>\n<p>Le portail ouvre 10 minutes avant pour accueillir les \u00e9l\u00e8ves.<br \/>\nLa sortie se fait \u00e0 12h et 16h30.<\/p>\n<p>Garderie du matin 7h30\/8h20<br \/>\nGarderie du soir 16h30\/18h30<\/p>\n<p>A l\u2019\u00e9cole \u00e9l\u00e9mentaire, les \u00e9l\u00e8ves ne sont plus remis en mains propres aux parents \u00e0 la sortie. Il vous appartient donc d\u2019\u00eatre \u00e0 l\u2019heure \u00e0 16h30. En cas d\u2019impossibilit\u00e9, la mairie vous permet de b\u00e9n\u00e9ficier de 5 garderies exceptionnelles. Pour cela, il est n\u00e9cessaire de contacter le service \u00e9ducation pour demander un ticket de garderie.<\/p>\n<p>Attention : Aucune sortie pour rendez-m\u00e9dical ne sera autoris\u00e9e sur le temps scolaire except\u00e9 rendez-vous hebdomadaire chez un orthophoniste, psychologue, psychomotricien&#8230;<\/p>\n","protected":false},"excerpt":{"rendered":"<p>Horaires de l\u2019\u00e9cole La classe d\u00e9bute \u00e0 8h30 et 14h. Le portail ouvre 10 minutes avant pour accueillir les \u00e9l\u00e8ves. La sortie se fait \u00e0 12h et 16h30. Garderie du matin 7h30\/8h20 Garderie du soir 16h30\/18h30 A l\u2019\u00e9cole \u00e9l\u00e9mentaire, les \u00e9l\u00e8ves ne sont plus remis en mains propres aux parents \u00e0 la sortie. Il vous &hellip; <a href=\"https:\/\/ecole.ac-nice.fr\/cagnes\/fahnestock\/les-horaires\/\" class=\"more-link\">Continuer la lecture<span class=\"screen-reader-text\"> de &laquo;&nbsp;Les horaires&nbsp;&raquo;<\/span><\/a><\/p>\n","protected":false},"author":59,"featured_media":0,"parent":0,"menu_order":0,"comment_status":"closed","ping_status":"closed","template":"","meta":{"footnotes":""},"class_list":["post-89","page","type-page","status-publish","hentry"],"_links":{"self":[{"href":"https:\/\/ecole.ac-nice.fr\/cagnes\/fahnestock\/wp-json\/wp\/v2\/pages\/89","targetHints":{"allow":["GET"]}}],"collection":[{"href":"https:\/\/ecole.ac-nice.fr\/cagnes\/fahnestock\/wp-json\/wp\/v2\/pages"}],"about":[{"href":"https:\/\/ecole.ac-nice.fr\/cagnes\/fahnestock\/wp-json\/wp\/v2\/types\/page"}],"author":[{"embeddable":true,"href":"https:\/\/ecole.ac-nice.fr\/cagnes\/fahnestock\/wp-json\/wp\/v2\/users\/59"}],"replies":[{"embeddable":true,"href":"https:\/\/ecole.ac-nice.fr\/cagnes\/fahnestock\/wp-json\/wp\/v2\/comments?post=89"}],"version-history":[{"count":4,"href":"https:\/\/ecole.ac-nice.fr\/cagnes\/fahnestock\/wp-json\/wp\/v2\/pages\/89\/revisions"}],"predecessor-version":[{"id":151,"href":"https:\/\/ecole.ac-nice.fr\/cagnes\/fahnestock\/wp-json\/wp\/v2\/pages\/89\/revisions\/151"}],"wp:attachment":[{"href":"https:\/\/ecole.ac-nice.fr\/cagnes\/fahnestock\/wp-json\/wp\/v2\/media?parent=89"}],"curies":[{"name":"wp","href":"https:\/\/api.w.org\/{rel}","templated":true}]}}