{"id":52,"date":"2020-12-20T13:56:06","date_gmt":"2020-12-20T12:56:06","guid":{"rendered":"http:\/\/ecole.ac-nice.fr\/cagnes\/fahnestock\/?page_id=52"},"modified":"2020-12-21T17:10:37","modified_gmt":"2020-12-21T16:10:37","slug":"accueil","status":"publish","type":"page","link":"https:\/\/ecole.ac-nice.fr\/cagnes\/fahnestock\/","title":{"rendered":"Accueil"},"content":{"rendered":"<p style=\"text-align: center\"><strong>Chers visiteurs, nous sommes heureux de vous accueillir<\/strong><\/p>\n<p style=\"text-align: center\"><strong>sur le site de l\u2019\u00e9cole \u00e9l\u00e9mentaire Fahnestock.<\/strong><\/p>\n<p style=\"text-align: center\"><strong>Bonne Visite<\/strong><\/p>\n<p style=\"text-align: center\">\n","protected":false},"excerpt":{"rendered":"<p>Chers visiteurs, nous sommes heureux de vous accueillir sur le site de l\u2019\u00e9cole \u00e9l\u00e9mentaire Fahnestock. Bonne Visite<\/p>\n","protected":false},"author":59,"featured_media":0,"parent":0,"menu_order":0,"comment_status":"closed","ping_status":"closed","template":"","meta":{"footnotes":""},"class_list":["post-52","page","type-page","status-publish","hentry"],"_links":{"self":[{"href":"https:\/\/ecole.ac-nice.fr\/cagnes\/fahnestock\/wp-json\/wp\/v2\/pages\/52","targetHints":{"allow":["GET"]}}],"collection":[{"href":"https:\/\/ecole.ac-nice.fr\/cagnes\/fahnestock\/wp-json\/wp\/v2\/pages"}],"about":[{"href":"https:\/\/ecole.ac-nice.fr\/cagnes\/fahnestock\/wp-json\/wp\/v2\/types\/page"}],"author":[{"embeddable":true,"href":"https:\/\/ecole.ac-nice.fr\/cagnes\/fahnestock\/wp-json\/wp\/v2\/users\/59"}],"replies":[{"embeddable":true,"href":"https:\/\/ecole.ac-nice.fr\/cagnes\/fahnestock\/wp-json\/wp\/v2\/comments?post=52"}],"version-history":[{"count":5,"href":"https:\/\/ecole.ac-nice.fr\/cagnes\/fahnestock\/wp-json\/wp\/v2\/pages\/52\/revisions"}],"predecessor-version":[{"id":160,"href":"https:\/\/ecole.ac-nice.fr\/cagnes\/fahnestock\/wp-json\/wp\/v2\/pages\/52\/revisions\/160"}],"wp:attachment":[{"href":"https:\/\/ecole.ac-nice.fr\/cagnes\/fahnestock\/wp-json\/wp\/v2\/media?parent=52"}],"curies":[{"name":"wp","href":"https:\/\/api.w.org\/{rel}","templated":true}]}}