{"id":141,"date":"2020-12-20T18:10:22","date_gmt":"2020-12-20T17:10:22","guid":{"rendered":"http:\/\/ecole.ac-nice.fr\/cagnes\/fahnestock\/?page_id=141"},"modified":"2025-09-26T19:59:16","modified_gmt":"2025-09-26T17:59:16","slug":"a-propos","status":"publish","type":"page","link":"https:\/\/ecole.ac-nice.fr\/cagnes\/fahnestock\/a-propos\/","title":{"rendered":"La direction de l&rsquo;\u00e9cole"},"content":{"rendered":"\n<h3 class=\"wp-block-heading\">La direction de l\u2019\u00e9cole<\/h3>\n\n\n\n<p>Mme&nbsp;<strong>Napolier<\/strong>&nbsp;est la&nbsp;<strong>directrice de l\u2019\u00e9cole<\/strong>.<br>En plus de son r\u00f4le d\u2019enseignante, elle assure de nombreuses missions de direction :<\/p>\n\n\n\n<ul class=\"wp-block-list\">\n<li>la\u00a0<strong>coordination de l\u2019organisation de la vie scolair<\/strong>e,<\/li>\n\n\n\n<li>la\u00a0<strong>relation avec les familles<\/strong>, la mairie et les diff\u00e9rentes institutions,<\/li>\n\n\n\n<li>le\u00a0<strong>suivi administratif<\/strong>\u00a0de l\u2019\u00e9cole,<\/li>\n\n\n\n<li>la\u00a0<strong>mise en \u0153uvre des projets \u00e9ducatifs<\/strong>\u00a0et la gestion des ressources.<\/li>\n<\/ul>\n\n\n\n<p>Mme Napolier  est d\u00e9charg\u00e9e de sa classe le jeudi pour pouvoir s\u2019occuper des t\u00e2ches de direction. Elle peut recevoir les familles sur rendez\u2011vous pour r\u00e9pondre \u00e0 leurs questions ou \u00e9changer au sujet de la scolarit\u00e9 de leur enfant.<\/p>\n\n\n\n<p><\/p>\n","protected":false},"excerpt":{"rendered":"<p>La direction de l\u2019\u00e9cole Mme&nbsp;Napolier&nbsp;est la&nbsp;directrice de l\u2019\u00e9cole.En plus de son r\u00f4le d\u2019enseignante, elle assure de nombreuses missions de direction : Mme Napolier est d\u00e9charg\u00e9e de sa classe le jeudi pour pouvoir s\u2019occuper des t\u00e2ches de direction. Elle peut recevoir les familles sur rendez\u2011vous pour r\u00e9pondre \u00e0 leurs questions ou \u00e9changer au sujet de la &hellip; <a href=\"https:\/\/ecole.ac-nice.fr\/cagnes\/fahnestock\/a-propos\/\" class=\"more-link\">Continuer la lecture<span class=\"screen-reader-text\"> de &laquo;&nbsp;La direction de l&rsquo;\u00e9cole&nbsp;&raquo;<\/span><\/a><\/p>\n","protected":false},"author":59,"featured_media":0,"parent":0,"menu_order":0,"comment_status":"closed","ping_status":"closed","template":"","meta":{"footnotes":""},"class_list":["post-141","page","type-page","status-publish","hentry"],"_links":{"self":[{"href":"https:\/\/ecole.ac-nice.fr\/cagnes\/fahnestock\/wp-json\/wp\/v2\/pages\/141","targetHints":{"allow":["GET"]}}],"collection":[{"href":"https:\/\/ecole.ac-nice.fr\/cagnes\/fahnestock\/wp-json\/wp\/v2\/pages"}],"about":[{"href":"https:\/\/ecole.ac-nice.fr\/cagnes\/fahnestock\/wp-json\/wp\/v2\/types\/page"}],"author":[{"embeddable":true,"href":"https:\/\/ecole.ac-nice.fr\/cagnes\/fahnestock\/wp-json\/wp\/v2\/users\/59"}],"replies":[{"embeddable":true,"href":"https:\/\/ecole.ac-nice.fr\/cagnes\/fahnestock\/wp-json\/wp\/v2\/comments?post=141"}],"version-history":[{"count":3,"href":"https:\/\/ecole.ac-nice.fr\/cagnes\/fahnestock\/wp-json\/wp\/v2\/pages\/141\/revisions"}],"predecessor-version":[{"id":245,"href":"https:\/\/ecole.ac-nice.fr\/cagnes\/fahnestock\/wp-json\/wp\/v2\/pages\/141\/revisions\/245"}],"wp:attachment":[{"href":"https:\/\/ecole.ac-nice.fr\/cagnes\/fahnestock\/wp-json\/wp\/v2\/media?parent=141"}],"curies":[{"name":"wp","href":"https:\/\/api.w.org\/{rel}","templated":true}]}}