{"id":135,"date":"2020-12-20T18:04:10","date_gmt":"2020-12-20T17:04:10","guid":{"rendered":"http:\/\/ecole.ac-nice.fr\/cagnes\/fahnestock\/?page_id=135"},"modified":"2025-09-26T19:36:17","modified_gmt":"2025-09-26T17:36:17","slug":"protocole-sanitaire","status":"publish","type":"page","link":"https:\/\/ecole.ac-nice.fr\/cagnes\/fahnestock\/protocole-sanitaire\/","title":{"rendered":"Accueil"},"content":{"rendered":"<div class=\"page\" title=\"Page 1\">\n<div class=\"layoutArea\">\n<div class=\"column\"><\/div>\n<\/div>\n<div class=\"layoutArea\">\n<div class=\"column\">\n<div class=\"page\" title=\"Page 1\">\n<div class=\"layoutArea\">\n<div class=\"column\">\n<p><strong>Entr\u00e9es et sorties des \u00e9l\u00e8ves au portail<\/strong><\/p>\n<ul>\n<li>\u00a0 Deux points d&rsquo;entr\u00e9e et de sortie diff\u00e9rents.<\/li>\n<li>\u00a0Les \u00a0CP et CM1 &#8211; CM2 entrent par le portail de la cour du haut.<\/li>\n<li>Les CE1, CE1 &#8211; CE2 et CE2 &#8211; CM1 entrent par le portail principal.<\/li>\n<li>\u00a0 Les \u00e9l\u00e8ves entrent seuls.<\/li>\n<li>\u00a0 Aucun adulte ne peut p\u00e9n\u00e9trer dans l&rsquo;enceinte de l&rsquo;\u00e9cole sans autorisation des enseignants.<\/li>\n<li>Apr\u00e8s la fermetures des grilles plus aucun \u00e9l\u00e8ves ne sera accept\u00e9.<\/li>\n<\/ul>\n<p>&nbsp;<\/p>\n<\/div>\n<\/div>\n<\/div>\n<\/div>\n<\/div>\n<\/div>\n","protected":false},"excerpt":{"rendered":"<p>Entr\u00e9es et sorties des \u00e9l\u00e8ves au portail \u00a0 Deux points d&rsquo;entr\u00e9e et de sortie diff\u00e9rents. \u00a0Les \u00a0CP et CM1 &#8211; CM2 entrent par le portail de la cour du haut. Les CE1, CE1 &#8211; CE2 et CE2 &#8211; CM1 entrent par le portail principal. \u00a0 Les \u00e9l\u00e8ves entrent seuls. \u00a0 Aucun adulte ne peut p\u00e9n\u00e9trer &hellip; <a href=\"https:\/\/ecole.ac-nice.fr\/cagnes\/fahnestock\/protocole-sanitaire\/\" class=\"more-link\">Continuer la lecture<span class=\"screen-reader-text\"> de &laquo;&nbsp;Accueil&nbsp;&raquo;<\/span><\/a><\/p>\n","protected":false},"author":59,"featured_media":0,"parent":0,"menu_order":0,"comment_status":"closed","ping_status":"closed","template":"","meta":{"footnotes":""},"class_list":["post-135","page","type-page","status-publish","hentry"],"_links":{"self":[{"href":"https:\/\/ecole.ac-nice.fr\/cagnes\/fahnestock\/wp-json\/wp\/v2\/pages\/135","targetHints":{"allow":["GET"]}}],"collection":[{"href":"https:\/\/ecole.ac-nice.fr\/cagnes\/fahnestock\/wp-json\/wp\/v2\/pages"}],"about":[{"href":"https:\/\/ecole.ac-nice.fr\/cagnes\/fahnestock\/wp-json\/wp\/v2\/types\/page"}],"author":[{"embeddable":true,"href":"https:\/\/ecole.ac-nice.fr\/cagnes\/fahnestock\/wp-json\/wp\/v2\/users\/59"}],"replies":[{"embeddable":true,"href":"https:\/\/ecole.ac-nice.fr\/cagnes\/fahnestock\/wp-json\/wp\/v2\/comments?post=135"}],"version-history":[{"count":13,"href":"https:\/\/ecole.ac-nice.fr\/cagnes\/fahnestock\/wp-json\/wp\/v2\/pages\/135\/revisions"}],"predecessor-version":[{"id":236,"href":"https:\/\/ecole.ac-nice.fr\/cagnes\/fahnestock\/wp-json\/wp\/v2\/pages\/135\/revisions\/236"}],"wp:attachment":[{"href":"https:\/\/ecole.ac-nice.fr\/cagnes\/fahnestock\/wp-json\/wp\/v2\/media?parent=135"}],"curies":[{"name":"wp","href":"https:\/\/api.w.org\/{rel}","templated":true}]}}