{"id":129,"date":"2020-12-20T17:56:17","date_gmt":"2020-12-20T16:56:17","guid":{"rendered":"http:\/\/ecole.ac-nice.fr\/cagnes\/fahnestock\/?page_id=129"},"modified":"2025-09-26T19:54:08","modified_gmt":"2025-09-26T17:54:08","slug":"bcd","status":"publish","type":"page","link":"https:\/\/ecole.ac-nice.fr\/cagnes\/fahnestock\/bcd\/","title":{"rendered":"BCD"},"content":{"rendered":"<h3 data-start=\"116\" data-end=\"163\">La Biblioth\u00e8que Centre Documentaire (BCD)<\/h3>\n<p data-start=\"165\" data-end=\"442\">La BCD de l\u2019\u00e9cole est anim\u00e9e et g\u00e9r\u00e9e par <strong data-start=\"207\" data-end=\"239\">Sophie, notre biblioth\u00e9caire<\/strong>.<br data-start=\"240\" data-end=\"243\" \/>Elle est pr\u00e9sente <strong data-start=\"261\" data-end=\"306\">toute la semaine<\/strong>, pour accueillir les classes. Elle propose \u00e9galement des <strong data-start=\"364\" data-end=\"411\">animations autour de la lecture et du livre<\/strong> pendant le temps de cantine.<\/p>\n<p data-start=\"444\" data-end=\"645\">Chaque enfant peut <strong data-start=\"463\" data-end=\"503\">emprunter r\u00e9guli\u00e8rement des ouvrages<\/strong> afin de d\u00e9velopper le go\u00fbt de la lecture.<br data-start=\"545\" data-end=\"548\" \/>Merci de veiller \u00e0 ce que les livres soient <strong data-start=\"592\" data-end=\"642\">rapport\u00e9s lors du cr\u00e9neau pr\u00e9vu pour la classe<\/strong>.<\/p>\n<p data-start=\"647\" data-end=\"706\">Les \u00e9l\u00e8ves sont invit\u00e9s \u00e0 <strong data-start=\"673\" data-end=\"702\">prendre soin des ouvrages<\/strong> :<\/p>\n<ul data-start=\"707\" data-end=\"774\">\n<li data-start=\"707\" data-end=\"774\">\n<p data-start=\"709\" data-end=\"774\">Tout livre perdu ou ab\u00eem\u00e9 devra \u00eatre <strong data-start=\"746\" data-end=\"771\">rembours\u00e9 ou remplac\u00e9<\/strong>.<\/p>\n<\/li>\n<\/ul>\n<p data-start=\"776\" data-end=\"928\">La BCD est ainsi un lieu de <strong data-start=\"804\" data-end=\"856\">d\u00e9couverte, de plaisir et d\u2019ouverture culturelle<\/strong>, o\u00f9 les enfants apprennent \u00e0 devenir de petits lecteurs responsables.<\/p>\n","protected":false},"excerpt":{"rendered":"<p>La Biblioth\u00e8que Centre Documentaire (BCD) La BCD de l\u2019\u00e9cole est anim\u00e9e et g\u00e9r\u00e9e par Sophie, notre biblioth\u00e9caire.Elle est pr\u00e9sente toute la semaine, pour accueillir les classes. Elle propose \u00e9galement des animations autour de la lecture et du livre pendant le temps de cantine. Chaque enfant peut emprunter r\u00e9guli\u00e8rement des ouvrages afin de d\u00e9velopper le go\u00fbt &hellip; <a href=\"https:\/\/ecole.ac-nice.fr\/cagnes\/fahnestock\/bcd\/\" class=\"more-link\">Continuer la lecture<span class=\"screen-reader-text\"> de &laquo;&nbsp;BCD&nbsp;&raquo;<\/span><\/a><\/p>\n","protected":false},"author":59,"featured_media":0,"parent":0,"menu_order":0,"comment_status":"closed","ping_status":"closed","template":"","meta":{"footnotes":""},"class_list":["post-129","page","type-page","status-publish","hentry"],"_links":{"self":[{"href":"https:\/\/ecole.ac-nice.fr\/cagnes\/fahnestock\/wp-json\/wp\/v2\/pages\/129","targetHints":{"allow":["GET"]}}],"collection":[{"href":"https:\/\/ecole.ac-nice.fr\/cagnes\/fahnestock\/wp-json\/wp\/v2\/pages"}],"about":[{"href":"https:\/\/ecole.ac-nice.fr\/cagnes\/fahnestock\/wp-json\/wp\/v2\/types\/page"}],"author":[{"embeddable":true,"href":"https:\/\/ecole.ac-nice.fr\/cagnes\/fahnestock\/wp-json\/wp\/v2\/users\/59"}],"replies":[{"embeddable":true,"href":"https:\/\/ecole.ac-nice.fr\/cagnes\/fahnestock\/wp-json\/wp\/v2\/comments?post=129"}],"version-history":[{"count":3,"href":"https:\/\/ecole.ac-nice.fr\/cagnes\/fahnestock\/wp-json\/wp\/v2\/pages\/129\/revisions"}],"predecessor-version":[{"id":243,"href":"https:\/\/ecole.ac-nice.fr\/cagnes\/fahnestock\/wp-json\/wp\/v2\/pages\/129\/revisions\/243"}],"wp:attachment":[{"href":"https:\/\/ecole.ac-nice.fr\/cagnes\/fahnestock\/wp-json\/wp\/v2\/media?parent=129"}],"curies":[{"name":"wp","href":"https:\/\/api.w.org\/{rel}","templated":true}]}}