{"id":123,"date":"2020-12-20T17:48:28","date_gmt":"2020-12-20T16:48:28","guid":{"rendered":"http:\/\/ecole.ac-nice.fr\/cagnes\/fahnestock\/?page_id=123"},"modified":"2025-09-26T19:41:10","modified_gmt":"2025-09-26T17:41:10","slug":"lsu","status":"publish","type":"page","link":"https:\/\/ecole.ac-nice.fr\/cagnes\/fahnestock\/lsu\/","title":{"rendered":"LSU"},"content":{"rendered":"<p>Livret scolaire universel (LSU)<\/p>\n<p data-start=\"95\" data-end=\"425\">Ce livret scolaire est appel\u00e9 <strong data-start=\"125\" data-end=\"161\">\u00ab livret scolaire unique \u00bb (LSU)<\/strong> car il s\u2019agit d\u2019un seul document qui couvre toute la scolarit\u00e9 obligatoire, de l\u2019\u00e9cole \u00e9l\u00e9mentaire au coll\u00e8ge (du CP \u00e0 la 3\u1d49). Il suit votre enfant m\u00eame en cas de changement d\u2019\u00e9tablissement, afin que la nouvelle \u00e9quipe p\u00e9dagogique puisse l\u2019accompagner au mieux.<\/p>\n<p data-start=\"427\" data-end=\"641\">Le LSU est rempli <strong data-start=\"445\" data-end=\"464\">chaque semestre<\/strong> (janvier et juin).<br data-start=\"483\" data-end=\"486\" \/>Il n\u2019est <strong data-start=\"495\" data-end=\"525\">plus transmis par courriel<\/strong> : les parents doivent d\u00e9sormais <strong data-start=\"558\" data-end=\"596\">se connecter au portail \u00c9duConnect<\/strong> avec leurs identifiants pour le consulter.<\/p>\n","protected":false},"excerpt":{"rendered":"<p>Livret scolaire universel (LSU) Ce livret scolaire est appel\u00e9 \u00ab livret scolaire unique \u00bb (LSU) car il s\u2019agit d\u2019un seul document qui couvre toute la scolarit\u00e9 obligatoire, de l\u2019\u00e9cole \u00e9l\u00e9mentaire au coll\u00e8ge (du CP \u00e0 la 3\u1d49). Il suit votre enfant m\u00eame en cas de changement d\u2019\u00e9tablissement, afin que la nouvelle \u00e9quipe p\u00e9dagogique puisse l\u2019accompagner &hellip; <a href=\"https:\/\/ecole.ac-nice.fr\/cagnes\/fahnestock\/lsu\/\" class=\"more-link\">Continuer la lecture<span class=\"screen-reader-text\"> de &laquo;&nbsp;LSU&nbsp;&raquo;<\/span><\/a><\/p>\n","protected":false},"author":59,"featured_media":0,"parent":0,"menu_order":0,"comment_status":"closed","ping_status":"closed","template":"","meta":{"footnotes":""},"class_list":["post-123","page","type-page","status-publish","hentry"],"_links":{"self":[{"href":"https:\/\/ecole.ac-nice.fr\/cagnes\/fahnestock\/wp-json\/wp\/v2\/pages\/123","targetHints":{"allow":["GET"]}}],"collection":[{"href":"https:\/\/ecole.ac-nice.fr\/cagnes\/fahnestock\/wp-json\/wp\/v2\/pages"}],"about":[{"href":"https:\/\/ecole.ac-nice.fr\/cagnes\/fahnestock\/wp-json\/wp\/v2\/types\/page"}],"author":[{"embeddable":true,"href":"https:\/\/ecole.ac-nice.fr\/cagnes\/fahnestock\/wp-json\/wp\/v2\/users\/59"}],"replies":[{"embeddable":true,"href":"https:\/\/ecole.ac-nice.fr\/cagnes\/fahnestock\/wp-json\/wp\/v2\/comments?post=123"}],"version-history":[{"count":4,"href":"https:\/\/ecole.ac-nice.fr\/cagnes\/fahnestock\/wp-json\/wp\/v2\/pages\/123\/revisions"}],"predecessor-version":[{"id":239,"href":"https:\/\/ecole.ac-nice.fr\/cagnes\/fahnestock\/wp-json\/wp\/v2\/pages\/123\/revisions\/239"}],"wp:attachment":[{"href":"https:\/\/ecole.ac-nice.fr\/cagnes\/fahnestock\/wp-json\/wp\/v2\/media?parent=123"}],"curies":[{"name":"wp","href":"https:\/\/api.w.org\/{rel}","templated":true}]}}