{"id":117,"date":"2020-12-20T17:43:15","date_gmt":"2020-12-20T16:43:15","guid":{"rendered":"http:\/\/ecole.ac-nice.fr\/cagnes\/fahnestock\/?page_id=117"},"modified":"2025-09-26T19:49:33","modified_gmt":"2025-09-26T17:49:33","slug":"parents-delegues","status":"publish","type":"page","link":"https:\/\/ecole.ac-nice.fr\/cagnes\/fahnestock\/parents-delegues\/","title":{"rendered":"Parents d\u00e9l\u00e9gu\u00e9s"},"content":{"rendered":"<h3 data-start=\"163\" data-end=\"207\">Les repr\u00e9sentants des parents d\u2019\u00e9l\u00e8ves<\/h3>\n<p data-start=\"209\" data-end=\"352\">Les repr\u00e9sentants des parents d\u2019\u00e9l\u00e8ves \u00e0 l\u2019\u00e9cole primaire (maternelle et \u00e9l\u00e9mentaire) sont <strong data-start=\"300\" data-end=\"349\">\u00e9lus chaque ann\u00e9e par l\u2019ensemble des familles<\/strong>.<\/p>\n<p data-start=\"354\" data-end=\"579\">Ils si\u00e8gent au <strong data-start=\"369\" data-end=\"388\">conseil d\u2019\u00e9cole<\/strong>, qui se r\u00e9unit <strong data-start=\"404\" data-end=\"430\">une fois par trimestre<\/strong>. Ce conseil r\u00e9unit l\u2019\u00e9quipe enseignante, les \u00e9lus municipaux et les repr\u00e9sentants des parents.<\/p>\n<p data-start=\"581\" data-end=\"601\">Leur r\u00f4le est de :<\/p>\n<ul data-start=\"602\" data-end=\"1024\">\n<li data-start=\"602\" data-end=\"680\">\n<p data-start=\"604\" data-end=\"680\"><strong data-start=\"604\" data-end=\"658\">relayer les questions et propositions des familles<\/strong> aupr\u00e8s de l\u2019\u00e9cole ;<\/p>\n<\/li>\n<li data-start=\"681\" data-end=\"879\">\n<p data-start=\"683\" data-end=\"879\"><strong data-start=\"683\" data-end=\"710\">participer aux \u00e9changes<\/strong> sur la vie de l\u2019\u00e9tablissement (organisation du temps scolaire, r\u00e8glement int\u00e9rieur, projets p\u00e9dagogiques, s\u00e9curit\u00e9, restauration scolaire, activit\u00e9s p\u00e9riscolaires\u2026) ;<\/p>\n<\/li>\n<li data-start=\"880\" data-end=\"953\">\n<p data-start=\"882\" data-end=\"953\"><strong data-start=\"882\" data-end=\"949\">contribuer \u00e0 am\u00e9liorer le cadre de vie et de travail des \u00e9l\u00e8ves<\/strong> ;<\/p>\n<\/li>\n<li data-start=\"954\" data-end=\"1024\">\n<p data-start=\"956\" data-end=\"1024\"><strong data-start=\"956\" data-end=\"1021\">favoriser le dialogue entre les parents et l\u2019\u00e9quipe \u00e9ducative<\/strong>.<\/p>\n<\/li>\n<\/ul>\n<p data-start=\"1026\" data-end=\"1197\">Les repr\u00e9sentants ne traitent pas de cas individuels concernant un enfant, mais ils interviennent sur des questions <strong data-start=\"1142\" data-end=\"1157\">collectives<\/strong> qui concernent l\u2019ensemble des \u00e9l\u00e8ves.<\/p>\n<p data-start=\"1199\" data-end=\"1305\">Ils jouent ainsi un r\u00f4le essentiel de <strong data-start=\"1237\" data-end=\"1270\">m\u00e9diateurs et de porte-parole<\/strong> des familles au sein de l\u2019\u00e9cole.<\/p>\n","protected":false},"excerpt":{"rendered":"<p>Les repr\u00e9sentants des parents d\u2019\u00e9l\u00e8ves Les repr\u00e9sentants des parents d\u2019\u00e9l\u00e8ves \u00e0 l\u2019\u00e9cole primaire (maternelle et \u00e9l\u00e9mentaire) sont \u00e9lus chaque ann\u00e9e par l\u2019ensemble des familles. Ils si\u00e8gent au conseil d\u2019\u00e9cole, qui se r\u00e9unit une fois par trimestre. Ce conseil r\u00e9unit l\u2019\u00e9quipe enseignante, les \u00e9lus municipaux et les repr\u00e9sentants des parents. Leur r\u00f4le est de : relayer &hellip; <a href=\"https:\/\/ecole.ac-nice.fr\/cagnes\/fahnestock\/parents-delegues\/\" class=\"more-link\">Continuer la lecture<span class=\"screen-reader-text\"> de &laquo;&nbsp;Parents d\u00e9l\u00e9gu\u00e9s&nbsp;&raquo;<\/span><\/a><\/p>\n","protected":false},"author":59,"featured_media":0,"parent":0,"menu_order":0,"comment_status":"closed","ping_status":"closed","template":"","meta":{"footnotes":""},"class_list":["post-117","page","type-page","status-publish","hentry"],"_links":{"self":[{"href":"https:\/\/ecole.ac-nice.fr\/cagnes\/fahnestock\/wp-json\/wp\/v2\/pages\/117","targetHints":{"allow":["GET"]}}],"collection":[{"href":"https:\/\/ecole.ac-nice.fr\/cagnes\/fahnestock\/wp-json\/wp\/v2\/pages"}],"about":[{"href":"https:\/\/ecole.ac-nice.fr\/cagnes\/fahnestock\/wp-json\/wp\/v2\/types\/page"}],"author":[{"embeddable":true,"href":"https:\/\/ecole.ac-nice.fr\/cagnes\/fahnestock\/wp-json\/wp\/v2\/users\/59"}],"replies":[{"embeddable":true,"href":"https:\/\/ecole.ac-nice.fr\/cagnes\/fahnestock\/wp-json\/wp\/v2\/comments?post=117"}],"version-history":[{"count":4,"href":"https:\/\/ecole.ac-nice.fr\/cagnes\/fahnestock\/wp-json\/wp\/v2\/pages\/117\/revisions"}],"predecessor-version":[{"id":242,"href":"https:\/\/ecole.ac-nice.fr\/cagnes\/fahnestock\/wp-json\/wp\/v2\/pages\/117\/revisions\/242"}],"wp:attachment":[{"href":"https:\/\/ecole.ac-nice.fr\/cagnes\/fahnestock\/wp-json\/wp\/v2\/media?parent=117"}],"curies":[{"name":"wp","href":"https:\/\/api.w.org\/{rel}","templated":true}]}}