{"id":114,"date":"2020-12-20T17:42:59","date_gmt":"2020-12-20T16:42:59","guid":{"rendered":"http:\/\/ecole.ac-nice.fr\/cagnes\/fahnestock\/?page_id=114"},"modified":"2025-09-26T19:47:14","modified_gmt":"2025-09-26T17:47:14","slug":"cooperative","status":"publish","type":"page","link":"https:\/\/ecole.ac-nice.fr\/cagnes\/fahnestock\/cooperative\/","title":{"rendered":"Coop\u00e9rative"},"content":{"rendered":"<p>Coop\u00e9rative scolaire<\/p>\n<p data-start=\"124\" data-end=\"311\">La coop\u00e9rative scolaire repose sur la participation <strong data-start=\"176\" data-end=\"199\">libre et volontaire<\/strong> des parents.<br data-start=\"212\" data-end=\"215\" \/>Le montant de la contribution est fix\u00e9 \u00e0 <strong data-start=\"256\" data-end=\"275\">20 \u20ac par enfant<\/strong> (ou <strong data-start=\"280\" data-end=\"307\">15 \u20ac en cas de friterie<\/strong>).<\/p>\n<p data-start=\"313\" data-end=\"460\">Cette participation permet de financer les d\u00e9penses li\u00e9es \u00e0 la vie de la classe : abonnements, livres, sorties, petits mat\u00e9riels, transport, etc.<\/p>\n<p data-start=\"462\" data-end=\"482\">Pour information :<\/p>\n<ul data-start=\"483\" data-end=\"798\">\n<li data-start=\"483\" data-end=\"671\">\n<p data-start=\"485\" data-end=\"671\">l\u2019\u00e9cole doit verser chaque ann\u00e9e <strong data-start=\"518\" data-end=\"547\">2,47 \u20ac par \u00e9l\u00e8ve \u00e0 l\u2019OCCE<\/strong> afin de couvrir les assurances lors des manifestations dans l\u2019\u00e9cole, que l\u2019enfant ait contribu\u00e9 ou non \u00e0 la coop\u00e9rative ;<\/p>\n<\/li>\n<li data-start=\"672\" data-end=\"798\">\n<p data-start=\"674\" data-end=\"798\">les \u00e9l\u00e8ves b\u00e9n\u00e9ficient \u00e9galement du <strong data-start=\"710\" data-end=\"757\">pr\u00eat et de la livraison de s\u00e9ries de livres<\/strong>, ce qui repr\u00e9sente <strong data-start=\"777\" data-end=\"795\">2 \u20ac par enfant<\/strong>.<\/p>\n<\/li>\n<\/ul>\n<p data-start=\"800\" data-end=\"928\">Ainsi, sur votre contribution \u00e0 la coop\u00e9rative, <strong data-start=\"848\" data-end=\"925\">pr\u00e8s de 5 \u20ac sont directement consacr\u00e9s au bon fonctionnement de la classe<\/strong>.<\/p>\n<p data-start=\"930\" data-end=\"1095\">Bien que facultative, cette participation est <strong data-start=\"976\" data-end=\"1004\">pr\u00e9cieuse et essentielle<\/strong> pour permettre \u00e0 vos enfants de profiter pleinement des activit\u00e9s et projets de l\u2019\u00e9cole.<\/p>\n<p data-start=\"1097\" data-end=\"1152\">Le r\u00e8glement peut se faire <strong data-start=\"1124\" data-end=\"1149\">par virement bancaire<\/strong>.<\/p>\n","protected":false},"excerpt":{"rendered":"<p>Coop\u00e9rative scolaire La coop\u00e9rative scolaire repose sur la participation libre et volontaire des parents.Le montant de la contribution est fix\u00e9 \u00e0 20 \u20ac par enfant (ou 15 \u20ac en cas de friterie). Cette participation permet de financer les d\u00e9penses li\u00e9es \u00e0 la vie de la classe : abonnements, livres, sorties, petits mat\u00e9riels, transport, etc. Pour &hellip; <a href=\"https:\/\/ecole.ac-nice.fr\/cagnes\/fahnestock\/cooperative\/\" class=\"more-link\">Continuer la lecture<span class=\"screen-reader-text\"> de &laquo;&nbsp;Coop\u00e9rative&nbsp;&raquo;<\/span><\/a><\/p>\n","protected":false},"author":59,"featured_media":0,"parent":0,"menu_order":0,"comment_status":"closed","ping_status":"closed","template":"","meta":{"footnotes":""},"class_list":["post-114","page","type-page","status-publish","hentry"],"_links":{"self":[{"href":"https:\/\/ecole.ac-nice.fr\/cagnes\/fahnestock\/wp-json\/wp\/v2\/pages\/114","targetHints":{"allow":["GET"]}}],"collection":[{"href":"https:\/\/ecole.ac-nice.fr\/cagnes\/fahnestock\/wp-json\/wp\/v2\/pages"}],"about":[{"href":"https:\/\/ecole.ac-nice.fr\/cagnes\/fahnestock\/wp-json\/wp\/v2\/types\/page"}],"author":[{"embeddable":true,"href":"https:\/\/ecole.ac-nice.fr\/cagnes\/fahnestock\/wp-json\/wp\/v2\/users\/59"}],"replies":[{"embeddable":true,"href":"https:\/\/ecole.ac-nice.fr\/cagnes\/fahnestock\/wp-json\/wp\/v2\/comments?post=114"}],"version-history":[{"count":4,"href":"https:\/\/ecole.ac-nice.fr\/cagnes\/fahnestock\/wp-json\/wp\/v2\/pages\/114\/revisions"}],"predecessor-version":[{"id":241,"href":"https:\/\/ecole.ac-nice.fr\/cagnes\/fahnestock\/wp-json\/wp\/v2\/pages\/114\/revisions\/241"}],"wp:attachment":[{"href":"https:\/\/ecole.ac-nice.fr\/cagnes\/fahnestock\/wp-json\/wp\/v2\/media?parent=114"}],"curies":[{"name":"wp","href":"https:\/\/api.w.org\/{rel}","templated":true}]}}