{"id":304,"date":"2017-04-26T14:40:38","date_gmt":"2017-04-26T12:40:38","guid":{"rendered":"http:\/\/www.ac-nice.fr\/academie\/ringo\/\/ringo\/?page_id=2"},"modified":"2018-04-12T18:01:48","modified_gmt":"2018-04-12T16:01:48","slug":"contact","status":"publish","type":"page","link":"https:\/\/ecole.ac-nice.fr\/brignoles\/tourves-eepu\/contact\/","title":{"rendered":"Contact"},"content":{"rendered":"<p><strong>\u00c9cole El\u00e9mentaire<br \/>\n<\/strong><\/p>\n<p>Rue L\u00e9on Paranque<\/p>\n<p>83170 TOURVES<\/p>\n<p>T\u00e9l.: 09 65 02 77 30<\/p>\n<p>Adresse mail: ecole.0831152b@ac-nice.fr<\/p>\n<p><a href=\"mailto:ecole.0831152b@ac-nice.fr\" rel=\"attachment wp-att-508\"><img loading=\"lazy\" decoding=\"async\" class=\"alignnone wp-image-508\" src=\"https:\/\/ecole.ac-nice.fr\/brignoles\/tourves-eepu\/wp-content\/uploads\/sites\/23\/2018\/02\/mail-99217_960_720-300x300.png\" alt=\"\" width=\"52\" height=\"52\" srcset=\"https:\/\/ecole.ac-nice.fr\/brignoles\/tourves-eepu\/wp-content\/uploads\/sites\/23\/2018\/02\/mail-99217_960_720-300x300.png 300w, https:\/\/ecole.ac-nice.fr\/brignoles\/tourves-eepu\/wp-content\/uploads\/sites\/23\/2018\/02\/mail-99217_960_720-150x150.png 150w, https:\/\/ecole.ac-nice.fr\/brignoles\/tourves-eepu\/wp-content\/uploads\/sites\/23\/2018\/02\/mail-99217_960_720.png 720w\" sizes=\"auto, (max-width: 52px) 100vw, 52px\" \/><\/a><a href=\"mailto:ecole.0831152b@ac-nice.fr\">Envoyez un courriel<\/a><\/p>\n<p><a href=\"http:\/\/www.education.gouv.fr\/pid24327\/formulaire-contacter-etablissement.html?code=0831152B\">Contactez l&rsquo;\u00e9cole par formulaire<\/a><\/p>\n<p>Retrouvez la <a href=\"http:\/\/www.education.gouv.fr\/pid24302\/annuaire-resultat-recherche.html?ecole=1&amp;lycee_name=&amp;localisation=1&amp;ville_name=Tourves+%2883%29\">fiche de l&rsquo;\u00e9cole sur l&rsquo;annuaire national<\/a><\/p>\n<p><a href=\"http:\/\/geolocalisation.onisep.fr\/monecole\/83-var\/tourves\/etab\/ecole-\u00e9l\u00e9mentaire-publique-tourves.html?ou=tourves&amp;amp;ville=83151\" target=\"_blank\" rel=\"noopener noreferrer\">Localisez l&rsquo;\u00e9cole<\/a><\/p>\n<p>&nbsp;<\/p>\n<p>&nbsp;<\/p>\n","protected":false},"excerpt":{"rendered":"<p>\u00c9cole El\u00e9mentaire Rue L\u00e9on Paranque 83170 TOURVES T\u00e9l.: 09 65 02 77 30 Adresse mail: ecole.0831152b@ac-nice.fr Envoyez un courriel Contactez l&rsquo;\u00e9cole par formulaire Retrouvez la fiche de l&rsquo;\u00e9cole sur l&rsquo;annuaire national Localisez l&rsquo;\u00e9cole &nbsp; &nbsp;<\/p>\n","protected":false},"author":4,"featured_media":0,"parent":0,"menu_order":0,"comment_status":"closed","ping_status":"open","template":"","meta":{"footnotes":""},"class_list":["post-304","page","type-page","status-publish","hentry"],"_links":{"self":[{"href":"https:\/\/ecole.ac-nice.fr\/brignoles\/tourves-eepu\/wp-json\/wp\/v2\/pages\/304","targetHints":{"allow":["GET"]}}],"collection":[{"href":"https:\/\/ecole.ac-nice.fr\/brignoles\/tourves-eepu\/wp-json\/wp\/v2\/pages"}],"about":[{"href":"https:\/\/ecole.ac-nice.fr\/brignoles\/tourves-eepu\/wp-json\/wp\/v2\/types\/page"}],"author":[{"embeddable":true,"href":"https:\/\/ecole.ac-nice.fr\/brignoles\/tourves-eepu\/wp-json\/wp\/v2\/users\/4"}],"replies":[{"embeddable":true,"href":"https:\/\/ecole.ac-nice.fr\/brignoles\/tourves-eepu\/wp-json\/wp\/v2\/comments?post=304"}],"version-history":[{"count":15,"href":"https:\/\/ecole.ac-nice.fr\/brignoles\/tourves-eepu\/wp-json\/wp\/v2\/pages\/304\/revisions"}],"predecessor-version":[{"id":529,"href":"https:\/\/ecole.ac-nice.fr\/brignoles\/tourves-eepu\/wp-json\/wp\/v2\/pages\/304\/revisions\/529"}],"wp:attachment":[{"href":"https:\/\/ecole.ac-nice.fr\/brignoles\/tourves-eepu\/wp-json\/wp\/v2\/media?parent=304"}],"curies":[{"name":"wp","href":"https:\/\/api.w.org\/{rel}","templated":true}]}}