{"id":90,"date":"2022-03-09T13:33:35","date_gmt":"2022-03-09T12:33:35","guid":{"rendered":"https:\/\/ecole.ac-nice.fr\/antibes\/semainedeslangues\/?page_id=90"},"modified":"2022-04-04T18:09:45","modified_gmt":"2022-04-04T16:09:45","slug":"anglais-c2-day-2","status":"publish","type":"page","link":"https:\/\/ecole.ac-nice.fr\/antibes\/semainedeslangues\/accueil\/anglais\/anglais-c2-day-2\/","title":{"rendered":"Anglais C2 Day 2, April 5th"},"content":{"rendered":"<h2 style=\"text-align: center;\"><span style=\"color: #0000ff;\">Anglais\u00a0 Cycle 2<\/span><\/h2>\n<h2 style=\"text-align: center;\"><span style=\"color: #0000ff;\">Day2, April 5th<\/span><\/h2>\n<p>&nbsp;<\/p>\n<ul>\n<li><span style=\"font-family: Times New Roman, serif;\"><span style=\"font-size: medium;\"><span style=\"font-family: Arial, serif;\"><span style=\"font-size: small;\"><span lang=\"en-US\">Extrait vid\u00e9o \u00e0 travailler en \u00e9coute compr\u00e9hension<\/span><\/span><\/span><\/span><\/span><\/li>\n<\/ul>\n<table width=\"527\" cellspacing=\"0\" cellpadding=\"7\">\n<tbody>\n<tr valign=\"top\">\n<td width=\"362\">\n<p align=\"left\"><a href=\"https:\/\/www.youtube.com\/watch?v=oEqw-FjgSFM\" target=\"_blank\" rel=\"noopener\"><span style=\"color: #0000ff;\"><span style=\"font-family: Arial, serif;\"><span style=\"font-size: small;\"><span lang=\"fr-FR\"><u>https:\/\/www.youtube.com\/watch?v=oEqw-FjgSFM<\/u><\/span><\/span><\/span><\/span><\/a><\/p>\n<\/td>\n<td width=\"137\">\n<p align=\"left\"><img loading=\"lazy\" decoding=\"async\" class=\"alignnone size-full wp-image-101\" src=\"https:\/\/ecole.ac-nice.fr\/antibes\/semainedeslangues\/wp-content\/uploads\/sites\/32\/2022\/03\/petit-g-d2-fin.png\" alt=\"\" width=\"252\" height=\"128\" \/><\/p>\n<\/td>\n<\/tr>\n<\/tbody>\n<\/table>\n<ul>\n<li><span style=\"font-family: Times New Roman, serif;\"><span style=\"font-size: medium;\"><span style=\"font-family: Arial, serif;\"><span style=\"font-size: small;\"><span lang=\"en-US\">Script et \u00e9l\u00e9ments de langage: <\/span><\/span><\/span><\/span><\/span><\/li>\n<\/ul>\n<p><a name=\"_Hlk92980944\"><\/a> <img loading=\"lazy\" decoding=\"async\" class=\"alignnone size-full wp-image-83\" src=\"https:\/\/ecole.ac-nice.fr\/antibes\/semainedeslangues\/wp-content\/uploads\/sites\/32\/2022\/03\/roadsign.png\" alt=\"\" width=\"34\" height=\"33\" \/> <span style=\"font-family: Times New Roman, serif;\"><span style=\"font-size: medium;\"><span style=\"font-family: Arial, serif;\"><span style=\"font-size: small;\"><span lang=\"en-US\">Certains mots ou expressions rel\u00e8vent du langage familier. Les expressions et les mots significatifs \u00e0 relever sont soulign\u00e9s. La compr\u00e9hension reste globale et l\u2019explicitation se fait en langue fran\u00e7aise.<\/span><\/span><\/span><\/span><\/span><\/p>\n<table width=\"712\" cellspacing=\"0\" cellpadding=\"7\">\n<tbody>\n<tr valign=\"top\">\n<td width=\"265\">\n<p align=\"left\"><span style=\"font-family: Arial, serif; color: #0000ff;\"><span style=\"font-size: small;\"><b>Round 1<\/b><\/span><\/span><\/p>\n<p lang=\"en-US\" align=\"left\"><span style=\"font-family: Arial, serif;\"><span style=\"font-size: small;\"><b><img loading=\"lazy\" decoding=\"async\" class=\"alignnone wp-image-100\" src=\"https:\/\/ecole.ac-nice.fr\/antibes\/semainedeslangues\/wp-content\/uploads\/sites\/32\/2022\/03\/mondrian.jpg\" alt=\"\" width=\"300\" height=\"305\" \/>Mondrian, <\/b><u>Composition in Red blue and Yellow<\/u><b>, <\/b>1930<\/span><\/span><\/p>\n<\/td>\n<td width=\"419\">\n<p lang=\"en-US\" align=\"left\"><span style=\"font-family: Arial, serif;\"><span style=\"font-size: small;\"><b>Script<\/b><\/span><\/span><\/p>\n<p lang=\"en-US\" align=\"left\"><span style=\"font-family: Arial, serif;\"><span style=\"font-size: small;\">&#8211; <u>Am Chris. I\u2019m not really an artist<\/u> but I\u2019ll do my best. Are you guys ready?<\/span><\/span><\/p>\n<p lang=\"en-US\" align=\"left\"><span style=\"font-family: Arial, serif;\"><span style=\"font-size: small;\">-Tell exactly what you see.<\/span><\/span><\/p>\n<p lang=\"en-US\" align=\"left\"><span style=\"font-family: Arial, serif;\"><span style=\"font-size: small;\">&#8211; I see a kid of <u>red square<\/u> and kind of the top.<\/span><\/span><\/p>\n<p lang=\"en-US\" align=\"left\"><span style=\"font-family: Arial, serif;\"><span style=\"font-size: small;\">&#8211; Well on your side it would be your right.<\/span><\/span><\/p>\n<p lang=\"en-US\" align=\"left\"><span style=\"font-family: Arial, serif;\"><span style=\"font-size: small;\">&#8211; So, <u>there is a blue on the down and then a very small yellow<\/u> on there&#8230;<\/span><\/span><\/p>\n<p lang=\"en-US\" align=\"left\"><span style=\"font-family: Arial, serif;\"><span style=\"font-size: small;\">&#8211; Rothko? <u>Wrong<\/u><\/span><\/span><\/p>\n<p lang=\"en-US\" align=\"left\"><span style=\"font-family: Arial, serif;\"><span style=\"font-size: small;\">&#8211; What would <u>the painting<\/u> be about?<\/span><\/span><\/p>\n<p lang=\"en-US\" align=\"left\"><span style=\"font-family: Arial, serif;\"><span style=\"font-size: small;\">&#8211; Well it kind of reminds me of when I first ended my second little league\u2026in baseball.<\/span><\/span><\/p>\n<p lang=\"en-US\" align=\"left\"><span style=\"font-family: Arial, serif;\"><span style=\"font-size: small;\">&#8211; Isaiah was like pushing me on the swing but he kind of was (\u2026\u2026\u2026\u2026\u2026.)<\/span><\/span><\/p>\n<p lang=\"en-US\" align=\"left\"><span style=\"font-family: Arial, serif;\"><span style=\"font-size: small;\">&#8211; Maybe you could help us doing a version of this painting yourself on the chalkboard over there and let us see your interpretation of it\u2026<\/span><\/span><\/p>\n<\/td>\n<\/tr>\n<\/tbody>\n<\/table>\n<p>&nbsp;<\/p>\n<table width=\"707\" cellspacing=\"0\" cellpadding=\"7\">\n<tbody>\n<tr valign=\"top\">\n<td width=\"333\">\n<p lang=\"en-US\" align=\"left\"><span style=\"font-family: Arial, serif; color: #0000ff;\"><span style=\"font-size: small;\"><b>Round 2<\/b><\/span><\/span><\/p>\n<p align=\"left\"><img loading=\"lazy\" decoding=\"async\" class=\"alignnone wp-image-99\" src=\"https:\/\/ecole.ac-nice.fr\/antibes\/semainedeslangues\/wp-content\/uploads\/sites\/32\/2022\/03\/hopper.jpg\" alt=\"\" width=\"260\" height=\"217\" \/><\/p>\n<p lang=\"en-US\" align=\"left\"><span style=\"font-family: Arial, serif;\"><span style=\"font-size: small;\"><b>Edward Hopper, <\/b><\/span><span style=\"font-size: small;\"><u>Nighthawks<\/u><\/span><span style=\"font-size: small;\">, <\/span><span style=\"font-size: small;\">1942<\/span><\/span><\/p>\n<\/td>\n<td width=\"346\">\n<p lang=\"en-US\" align=\"left\"><span style=\"font-family: Arial, serif;\"><span style=\"font-size: small;\"><b>Script<\/b><\/span><\/span><\/p>\n<p lang=\"en-US\" align=\"left\"><span style=\"font-family: Arial, serif;\"><span style=\"font-size: small;\">&#8211; What do you see? What are you looking at?<\/span><\/span><\/p>\n<p lang=\"en-US\" align=\"left\"><span style=\"font-family: Arial, serif;\"><span style=\"font-size: small;\">&#8211; I kind of see a woman that has..kind of like a red dress on with orange hair inside of a shop that says \u201cPhillies\u201d. I have no idea what it says.<\/span><\/span><\/p>\n<p lang=\"en-US\" align=\"left\"><span style=\"font-family: Arial, serif;\"><span style=\"font-size: small;\">&#8211; Chagall?<\/span><\/span><\/p>\n<p lang=\"en-US\" align=\"left\"><span style=\"font-family: Arial, serif;\"><span style=\"font-size: small;\">&#8211; I don\u2019t really know.<\/span><\/span><\/p>\n<p lang=\"en-US\" align=\"left\"><span style=\"font-family: Arial, serif;\"><span style=\"font-size: small;\">&#8211; The artist got his girlfriend stolen so he made this painting to express what he felt I think.<\/span><\/span><\/p>\n<\/td>\n<\/tr>\n<\/tbody>\n<\/table>\n<p>&nbsp;<\/p>\n<table width=\"707\" cellspacing=\"0\" cellpadding=\"7\">\n<tbody>\n<tr valign=\"top\">\n<td width=\"333\">\n<p lang=\"en-US\" align=\"left\"><span style=\"font-family: Arial, serif; color: #0000ff;\"><span style=\"font-size: small;\"><b>Round 3<\/b><\/span><\/span><\/p>\n<p align=\"left\"><img loading=\"lazy\" decoding=\"async\" class=\"alignnone size-medium wp-image-103\" src=\"https:\/\/ecole.ac-nice.fr\/antibes\/semainedeslangues\/wp-content\/uploads\/sites\/32\/2022\/03\/wood-300x228.jpg\" alt=\"\" width=\"300\" height=\"228\" srcset=\"https:\/\/ecole.ac-nice.fr\/antibes\/semainedeslangues\/wp-content\/uploads\/sites\/32\/2022\/03\/wood-300x228.jpg 300w, https:\/\/ecole.ac-nice.fr\/antibes\/semainedeslangues\/wp-content\/uploads\/sites\/32\/2022\/03\/wood-768x583.jpg 768w, https:\/\/ecole.ac-nice.fr\/antibes\/semainedeslangues\/wp-content\/uploads\/sites\/32\/2022\/03\/wood.jpg 787w\" sizes=\"auto, (max-width: 300px) 100vw, 300px\" \/><\/p>\n<p lang=\"en-US\" align=\"left\"><span style=\"font-family: Arial, serif;\"><span style=\"font-size: small;\"><b>Grant Wood<\/b>, <u>Parsons Weem\u2019s Fable<\/u>, 1939<\/span><\/span><\/p>\n<\/td>\n<td width=\"346\">\n<p lang=\"en-US\" align=\"left\"><span style=\"font-family: Arial, serif;\"><span style=\"font-size: small;\"><b>Extraits du script:<\/b><\/span><\/span><\/p>\n<p lang=\"en-US\" align=\"left\"><span style=\"font-family: Arial, serif;\"><span style=\"font-size: small;\"><i>&#8211; Well I think this painting is really good<\/i><\/span><\/span><\/p>\n<p lang=\"en-US\" align=\"left\"><span style=\"font-family: Arial, serif;\"><span style=\"font-size: small;\"><i>-\u2026millions of cherries\u2026<\/i><\/span><\/span><\/p>\n<p lang=\"en-US\" align=\"left\"><span style=\"font-family: Arial, serif;\"><span style=\"font-size: small;\"><i>&#8211; I think he is just like a general. He has like a pirate hat<\/i><\/span><\/span><\/p>\n<p lang=\"en-US\" align=\"left\"><span style=\"font-family: Arial, serif;\"><span style=\"font-size: small;\"><i>&#8211; His hand looks like really realistic<\/i><\/span><\/span><\/p>\n<p lang=\"en-US\" align=\"left\"><span style=\"font-family: Arial, serif;\"><span style=\"font-size: small;\"><i>&#8211; Correct\u2026 Shana you are the winner. I made you something<\/i><\/span><\/span><\/p>\n<p lang=\"en-US\" align=\"left\"><span style=\"font-family: Arial, serif;\"><span style=\"font-size: small;\"><i>&#8211; Oh great! Thank you very much<\/i><\/span><\/span><\/p>\n<\/td>\n<\/tr>\n<\/tbody>\n<\/table>\n<ul>\n<li><span style=\"font-family: Times New Roman, serif;\"><span style=\"font-size: medium;\"><span style=\"font-family: Arial, serif;\"><span style=\"font-size: small;\"><span lang=\"en-US\">Extrait \u00e0 visionner \u201cpour le plaisir\u201d<\/span><\/span><\/span><\/span><\/span><\/li>\n<\/ul>\n<table width=\"527\" cellspacing=\"0\" cellpadding=\"7\">\n<tbody>\n<tr valign=\"top\">\n<td width=\"371\">\n<p align=\"left\"><a href=\"https:\/\/www.youtube.com\/watch?v=E136wOBMGJo\" target=\"_blank\" rel=\"noopener\"><span style=\"color: #0000ff;\"><span style=\"font-family: Arial, serif;\"><span style=\"font-size: small;\"><span lang=\"fr-FR\"><u>https:\/\/www.youtube.com\/watch?v=E136wOBMGJo<\/u><\/span><\/span><\/span><\/span><\/a><\/p>\n<\/td>\n<td width=\"128\">\n<p align=\"left\"><img loading=\"lazy\" decoding=\"async\" class=\"alignnone size-full wp-image-102\" src=\"https:\/\/ecole.ac-nice.fr\/antibes\/semainedeslangues\/wp-content\/uploads\/sites\/32\/2022\/03\/petit-g-d2.png\" alt=\"\" width=\"293\" height=\"113\" \/><\/p>\n<\/td>\n<\/tr>\n<\/tbody>\n<\/table>\n<p style=\"text-align: center;\"><a href=\"https:\/\/ecole.ac-nice.fr\/antibes\/semainedeslangues\/wp-content\/uploads\/sites\/32\/2022\/03\/C2D2.pdf\">T\u00e9l\u00e9charger cette page C2D2<\/a><\/p>\n","protected":false},"excerpt":{"rendered":"<p>Anglais\u00a0 Cycle 2 Day2, April 5th &nbsp; Extrait vid\u00e9o \u00e0 travailler en \u00e9coute compr\u00e9hension https:\/\/www.youtube.com\/watch?v=oEqw-FjgSFM Script et \u00e9l\u00e9ments de langage: Certains mots ou expressions rel\u00e8vent du langage familier. Les expressions et les mots significatifs \u00e0 relever sont soulign\u00e9s. La compr\u00e9hension reste globale et l\u2019explicitation se fait en langue fran\u00e7aise. Round 1 Mondrian, Composition in Red &hellip; <a href=\"https:\/\/ecole.ac-nice.fr\/antibes\/semainedeslangues\/accueil\/anglais\/anglais-c2-day-2\/\" class=\"more-link\">Continuer la lecture de <span class=\"screen-reader-text\">Anglais C2 Day 2, April 5th<\/span> <span class=\"meta-nav\">&rarr;<\/span><\/a><\/p>\n","protected":false},"author":26,"featured_media":0,"parent":37,"menu_order":0,"comment_status":"closed","ping_status":"closed","template":"","meta":{"footnotes":""},"class_list":["post-90","page","type-page","status-publish","hentry"],"_links":{"self":[{"href":"https:\/\/ecole.ac-nice.fr\/antibes\/semainedeslangues\/wp-json\/wp\/v2\/pages\/90","targetHints":{"allow":["GET"]}}],"collection":[{"href":"https:\/\/ecole.ac-nice.fr\/antibes\/semainedeslangues\/wp-json\/wp\/v2\/pages"}],"about":[{"href":"https:\/\/ecole.ac-nice.fr\/antibes\/semainedeslangues\/wp-json\/wp\/v2\/types\/page"}],"author":[{"embeddable":true,"href":"https:\/\/ecole.ac-nice.fr\/antibes\/semainedeslangues\/wp-json\/wp\/v2\/users\/26"}],"replies":[{"embeddable":true,"href":"https:\/\/ecole.ac-nice.fr\/antibes\/semainedeslangues\/wp-json\/wp\/v2\/comments?post=90"}],"version-history":[{"count":11,"href":"https:\/\/ecole.ac-nice.fr\/antibes\/semainedeslangues\/wp-json\/wp\/v2\/pages\/90\/revisions"}],"predecessor-version":[{"id":215,"href":"https:\/\/ecole.ac-nice.fr\/antibes\/semainedeslangues\/wp-json\/wp\/v2\/pages\/90\/revisions\/215"}],"up":[{"embeddable":true,"href":"https:\/\/ecole.ac-nice.fr\/antibes\/semainedeslangues\/wp-json\/wp\/v2\/pages\/37"}],"wp:attachment":[{"href":"https:\/\/ecole.ac-nice.fr\/antibes\/semainedeslangues\/wp-json\/wp\/v2\/media?parent=90"}],"curies":[{"name":"wp","href":"https:\/\/api.w.org\/{rel}","templated":true}]}}