{"id":146,"date":"2022-03-09T17:16:59","date_gmt":"2022-03-09T16:16:59","guid":{"rendered":"https:\/\/ecole.ac-nice.fr\/antibes\/semainedeslangues\/?page_id=146"},"modified":"2022-04-03T10:52:37","modified_gmt":"2022-04-03T08:52:37","slug":"anglais-c2-day1","status":"publish","type":"page","link":"https:\/\/ecole.ac-nice.fr\/antibes\/semainedeslangues\/accueil\/anglais-cycle-3\/anglais-c2-day1\/","title":{"rendered":"Anglais C3 Day1, April 4th"},"content":{"rendered":"<h2 style=\"text-align: center;\"><span style=\"color: #0000ff;\">Anglais\u00a0 Cycle 3<\/span><\/h2>\n<h2 style=\"text-align: center;\"><span style=\"color: #0000ff;\">Day 1, April 4th<\/span><\/h2>\n<p>&nbsp;<\/p>\n<ul>\n<li><span lang=\"en-US\">Extrait vid\u00e9o \u00e0 travailler en \u00e9coute compr\u00e9hension<\/span><\/li>\n<\/ul>\n<table width=\"438\" cellspacing=\"0\" cellpadding=\"7\">\n<tbody>\n<tr valign=\"top\">\n<td width=\"286\">\n<p align=\"left\"><a href=\"https:\/\/www.youtube.com\/watch?v=A5jn4yamjec\" target=\"_blank\" rel=\"noopener\"><span lang=\"fr-FR\"><u>https:\/\/www.youtube.com\/watch?v=A5jn4yamjec<\/u><\/span><\/a><\/p>\n<\/td>\n<td width=\"124\"><img loading=\"lazy\" decoding=\"async\" class=\"alignnone size-full wp-image-77\" src=\"https:\/\/ecole.ac-nice.fr\/antibes\/semainedeslangues\/wp-content\/uploads\/sites\/32\/2022\/03\/ecoute.png\" alt=\"\" width=\"275\" height=\"110\" \/><\/p>\n<p align=\"left\">\n<\/td>\n<\/tr>\n<\/tbody>\n<\/table>\n<ul>\n<li><span lang=\"en-US\">Scripts et \u00e9l\u00e9ments de langage:<\/span><\/li>\n<\/ul>\n<p><span lang=\"en-US\"><img loading=\"lazy\" decoding=\"async\" class=\"alignnone size-full wp-image-83\" src=\"https:\/\/ecole.ac-nice.fr\/antibes\/semainedeslangues\/wp-content\/uploads\/sites\/32\/2022\/03\/roadsign.png\" alt=\"\" width=\"34\" height=\"33\" \/>Certains mots ou expressions rel\u00e8vent du langage familier. Les expressions et les mots significatifs \u00e0 relever sont soulign\u00e9s. La compr\u00e9hension reste globale et l\u2019explicitation se fait en langue fran\u00e7aise<\/span><span lang=\"en-US\">.<\/span><\/p>\n<table width=\"707\" cellspacing=\"0\" cellpadding=\"7\">\n<tbody>\n<tr valign=\"top\">\n<td width=\"340\">\n<p lang=\"en-US\" align=\"left\"><b>Round 1<\/b><\/p>\n<p align=\"left\"><img loading=\"lazy\" decoding=\"async\" class=\"alignnone wp-image-75\" src=\"https:\/\/ecole.ac-nice.fr\/antibes\/semainedeslangues\/wp-content\/uploads\/sites\/32\/2022\/03\/grant-wood-248x300.jpg\" alt=\"\" width=\"322\" height=\"389\" srcset=\"https:\/\/ecole.ac-nice.fr\/antibes\/semainedeslangues\/wp-content\/uploads\/sites\/32\/2022\/03\/grant-wood-248x300.jpg 248w, https:\/\/ecole.ac-nice.fr\/antibes\/semainedeslangues\/wp-content\/uploads\/sites\/32\/2022\/03\/grant-wood.jpg 260w\" sizes=\"auto, (max-width: 322px) 100vw, 322px\" \/><\/p>\n<p lang=\"en-US\" align=\"left\"><b>Grant Wood<\/b>, <u>American Gothic<\/u>,1930<\/p>\n<\/td>\n<td width=\"340\">\n<p lang=\"en-US\" align=\"left\"><b>Script<\/b><\/p>\n<p lang=\"en-US\" align=\"left\"><i>&#8211; <u>Hi my name is Alexa. I am 7 years old. My favourite colour is blue<\/u><\/i><\/p>\n<p lang=\"en-US\" align=\"left\"><i>&#8211; Tell us exactly <u>what you see<\/u><\/i><\/p>\n<p lang=\"en-US\" align=\"left\"><i>&#8211; It looks like <u>an old man and an old lady<\/u><\/i><\/p>\n<p lang=\"en-US\" align=\"left\"><i>&#8211; <u>Maybe she is angry<\/u><\/i><\/p>\n<p lang=\"en-US\" align=\"left\"><i>&#8211; You want to have more vegetables?<\/i><\/p>\n<p lang=\"en-US\" align=\"left\"><i>&#8211; Is it <\/i><i><u><b>American Gothi<\/b><\/u><\/i><i><b>c by Grant Wood?<\/b><\/i><\/p>\n<\/td>\n<\/tr>\n<\/tbody>\n<\/table>\n<table width=\"707\" cellspacing=\"0\" cellpadding=\"7\">\n<tbody>\n<tr valign=\"top\">\n<td width=\"340\">\n<p lang=\"en-US\" align=\"left\"><b>Round 2<\/b><\/p>\n<p align=\"left\"><img loading=\"lazy\" decoding=\"async\" class=\"alignnone wp-image-78\" src=\"https:\/\/ecole.ac-nice.fr\/antibes\/semainedeslangues\/wp-content\/uploads\/sites\/32\/2022\/03\/frida-kalho.jpg\" alt=\"\" width=\"297\" height=\"393\" \/><\/p>\n<p lang=\"en-US\" align=\"left\"><b>Frida Kahlo<\/b>, <u>Self-portrait wearing a velvet dress<\/u>,1926<\/p>\n<\/td>\n<td width=\"340\">\n<p lang=\"en-US\" align=\"left\"><b>Script<\/b><\/p>\n<p lang=\"en-US\" align=\"left\"><i>&#8211; <u>What do you see this time?<\/u><\/i><\/p>\n<p lang=\"en-US\" align=\"left\"><i>&#8211; <u>I see a picture of a person<\/u><\/i><\/p>\n<p lang=\"en-US\" align=\"left\"><i>&#8211; <u>I see the ocean<\/u><\/i><\/p>\n<p lang=\"en-US\" align=\"left\"><i>&#8211; She has like <u>a velvet bathrobe<\/u><\/i><\/p>\n<p lang=\"en-US\" align=\"left\"><i>&#8211; <u>Is she all alone<\/u>?<\/i><\/p>\n<p lang=\"en-US\" align=\"left\"><i>&#8211; On her bathrobe, <u>I can see<\/u> like <u>Chinese signs<\/u><\/i><\/p>\n<p lang=\"en-US\" align=\"left\"><i>&#8211; I think it\u2019s <\/i><i><b>Frida Kahlo <\/b><\/i><i><u><b>Self portrait<\/b><\/u><\/i><\/p>\n<\/td>\n<\/tr>\n<\/tbody>\n<\/table>\n<table width=\"707\" cellspacing=\"0\" cellpadding=\"7\">\n<tbody>\n<tr valign=\"top\">\n<td width=\"340\">\n<p lang=\"en-US\" align=\"left\"><b>Round 3<\/b><\/p>\n<p align=\"left\"><img loading=\"lazy\" decoding=\"async\" class=\"alignnone wp-image-76\" src=\"https:\/\/ecole.ac-nice.fr\/antibes\/semainedeslangues\/wp-content\/uploads\/sites\/32\/2022\/03\/frida-calo-300x295.jpg\" alt=\"\" width=\"309\" height=\"304\" srcset=\"https:\/\/ecole.ac-nice.fr\/antibes\/semainedeslangues\/wp-content\/uploads\/sites\/32\/2022\/03\/frida-calo-300x295.jpg 300w, https:\/\/ecole.ac-nice.fr\/antibes\/semainedeslangues\/wp-content\/uploads\/sites\/32\/2022\/03\/frida-calo-768x756.jpg 768w, https:\/\/ecole.ac-nice.fr\/antibes\/semainedeslangues\/wp-content\/uploads\/sites\/32\/2022\/03\/frida-calo.jpg 792w\" sizes=\"auto, (max-width: 309px) 100vw, 309px\" \/><\/p>\n<p lang=\"en-US\" align=\"left\"><b>Hans Holbein the younger<\/b>, <u>The ambassadors<\/u>, 1533<\/p>\n<\/td>\n<td width=\"340\">\n<p lang=\"en-US\" align=\"left\"><b>Extraits du script<\/b><\/p>\n<p lang=\"en-US\" align=\"left\"><i>&#8211;<u>Tell me exactly what you see<\/u>.<\/i><\/p>\n<p lang=\"en-US\" align=\"left\"><i>&#8211; <u>I can see pirates<\/u><\/i><\/p>\n<p lang=\"en-US\" align=\"left\"><i>&#8211; He looks like <u>the Captain<\/u><\/i><\/p>\n<p lang=\"en-US\" align=\"left\"><i>&#8211; <u>How many pirates are there?<\/u><\/i><\/p>\n<p lang=\"en-US\" align=\"left\"><i>&#8211; <u>There is only two<\/u><\/i><\/p>\n<\/td>\n<\/tr>\n<\/tbody>\n<\/table>\n<ul>\n<li><span lang=\"en-US\">Extrait \u00e0 visionner \u201cpour le plaisir\u201d<\/span><\/li>\n<\/ul>\n<table width=\"487\" cellspacing=\"0\" cellpadding=\"7\">\n<tbody>\n<tr valign=\"top\">\n<td width=\"307\" height=\"19\">\n<p align=\"left\"><a href=\"https:\/\/www.youtube.com\/watch?v=wQfkG-y3lBY\" target=\"_blank\" rel=\"noopener\"><span lang=\"fr-FR\"><u>https:\/\/www.youtube.com\/watch?v=wQfkG-y3lBY<\/u><\/span><\/a><\/p>\n<\/td>\n<td width=\"152\">\n<p align=\"left\"><img loading=\"lazy\" decoding=\"async\" class=\"alignnone size-full wp-image-82\" src=\"https:\/\/ecole.ac-nice.fr\/antibes\/semainedeslangues\/wp-content\/uploads\/sites\/32\/2022\/03\/garcon-ecoute.png\" alt=\"\" width=\"254\" height=\"128\" \/><\/p>\n<\/td>\n<\/tr>\n<\/tbody>\n<\/table>\n<p style=\"text-align: center;\"><a href=\"https:\/\/ecole.ac-nice.fr\/antibes\/semainedeslangues\/wp-content\/uploads\/sites\/32\/2022\/03\/C3D1.pdf\">T\u00e9l\u00e9charger cette page C3D1<\/a><\/p>\n","protected":false},"excerpt":{"rendered":"<p>Anglais\u00a0 Cycle 3 Day 1, April 4th &nbsp; Extrait vid\u00e9o \u00e0 travailler en \u00e9coute compr\u00e9hension https:\/\/www.youtube.com\/watch?v=A5jn4yamjec Scripts et \u00e9l\u00e9ments de langage: Certains mots ou expressions rel\u00e8vent du langage familier. Les expressions et les mots significatifs \u00e0 relever sont soulign\u00e9s. La compr\u00e9hension reste globale et l\u2019explicitation se fait en langue fran\u00e7aise. Round 1 Grant Wood, American &hellip; <a href=\"https:\/\/ecole.ac-nice.fr\/antibes\/semainedeslangues\/accueil\/anglais-cycle-3\/anglais-c2-day1\/\" class=\"more-link\">Continuer la lecture de <span class=\"screen-reader-text\">Anglais C3 Day1, April 4th<\/span> <span class=\"meta-nav\">&rarr;<\/span><\/a><\/p>\n","protected":false},"author":26,"featured_media":0,"parent":140,"menu_order":0,"comment_status":"closed","ping_status":"closed","template":"","meta":{"footnotes":""},"class_list":["post-146","page","type-page","status-publish","hentry"],"_links":{"self":[{"href":"https:\/\/ecole.ac-nice.fr\/antibes\/semainedeslangues\/wp-json\/wp\/v2\/pages\/146","targetHints":{"allow":["GET"]}}],"collection":[{"href":"https:\/\/ecole.ac-nice.fr\/antibes\/semainedeslangues\/wp-json\/wp\/v2\/pages"}],"about":[{"href":"https:\/\/ecole.ac-nice.fr\/antibes\/semainedeslangues\/wp-json\/wp\/v2\/types\/page"}],"author":[{"embeddable":true,"href":"https:\/\/ecole.ac-nice.fr\/antibes\/semainedeslangues\/wp-json\/wp\/v2\/users\/26"}],"replies":[{"embeddable":true,"href":"https:\/\/ecole.ac-nice.fr\/antibes\/semainedeslangues\/wp-json\/wp\/v2\/comments?post=146"}],"version-history":[{"count":6,"href":"https:\/\/ecole.ac-nice.fr\/antibes\/semainedeslangues\/wp-json\/wp\/v2\/pages\/146\/revisions"}],"predecessor-version":[{"id":218,"href":"https:\/\/ecole.ac-nice.fr\/antibes\/semainedeslangues\/wp-json\/wp\/v2\/pages\/146\/revisions\/218"}],"up":[{"embeddable":true,"href":"https:\/\/ecole.ac-nice.fr\/antibes\/semainedeslangues\/wp-json\/wp\/v2\/pages\/140"}],"wp:attachment":[{"href":"https:\/\/ecole.ac-nice.fr\/antibes\/semainedeslangues\/wp-json\/wp\/v2\/media?parent=146"}],"curies":[{"name":"wp","href":"https:\/\/api.w.org\/{rel}","templated":true}]}}