{"id":110,"date":"2022-03-09T16:41:20","date_gmt":"2022-03-09T15:41:20","guid":{"rendered":"https:\/\/ecole.ac-nice.fr\/antibes\/semainedeslangues\/?page_id=110"},"modified":"2022-04-06T22:24:28","modified_gmt":"2022-04-06T20:24:28","slug":"anglais-c2-day-3-april-7th","status":"publish","type":"page","link":"https:\/\/ecole.ac-nice.fr\/antibes\/semainedeslangues\/accueil\/anglais\/anglais-c2-day-3-april-7th\/","title":{"rendered":"Anglais C2 Day 3, April 7th"},"content":{"rendered":"<h2 style=\"text-align: center;\"><span style=\"color: #0000ff;\">Anglais\u00a0 Cycle 2<\/span><\/h2>\n<h2 style=\"text-align: center;\"><span style=\"color: #0000ff;\">Day 3, April 7th<\/span><\/h2>\n<p>&nbsp;<\/p>\n<ul>\n<li><span style=\"font-family: Times New Roman, serif;\"><span style=\"font-size: medium;\"><span style=\"font-family: Arial, serif;\"><span style=\"font-size: small;\"><span lang=\"en-US\">Choisir un tableau parmi les 3 oeuvres propos\u00e9es ci dessous<\/span><\/span><\/span><\/span><\/span><\/li>\n<\/ul>\n<table width=\"712\" cellspacing=\"0\" cellpadding=\"7\">\n<tbody>\n<tr valign=\"top\">\n<td width=\"373\">\n<p align=\"left\"><img loading=\"lazy\" decoding=\"async\" class=\"alignnone wp-image-123\" src=\"https:\/\/ecole.ac-nice.fr\/antibes\/semainedeslangues\/wp-content\/uploads\/sites\/32\/2022\/03\/hopper-lighthouse.jpg\" alt=\"\" width=\"365\" height=\"280\" \/><\/p>\n<p align=\"left\"><span style=\"color: #000000;\"><span style=\"font-size: small;\"><span style=\"font-family: Calibri, serif;\"><b>Edward Hopper<\/b><\/span><span style=\"font-family: Calibri, serif;\">, <\/span><span style=\"font-family: Calibri, serif;\"><u>Lighthouse hill,<\/u><\/span><span style=\"font-family: Calibri, serif;\"> 1927<\/span><\/span><\/span><\/p>\n<\/td>\n<td width=\"311\">\n<p align=\"left\"><img loading=\"lazy\" decoding=\"async\" class=\"alignnone wp-image-122\" src=\"https:\/\/ecole.ac-nice.fr\/antibes\/semainedeslangues\/wp-content\/uploads\/sites\/32\/2022\/03\/marisol.png\" alt=\"\" width=\"361\" height=\"449\" \/><\/p>\n<p align=\"left\"><span style=\"font-family: Arial, serif;\"><span style=\"font-size: small;\"><b>Marisol<\/b>, <u>The Family<\/u>,1963<\/span><\/span><\/p>\n<\/td>\n<\/tr>\n<tr>\n<td colspan=\"2\" valign=\"top\" width=\"698\">\n<p align=\"left\"><img loading=\"lazy\" decoding=\"async\" class=\"alignnone wp-image-120\" src=\"https:\/\/ecole.ac-nice.fr\/antibes\/semainedeslangues\/wp-content\/uploads\/sites\/32\/2022\/03\/Klee.png\" alt=\"\" width=\"606\" height=\"404\" \/><\/p>\n<p align=\"left\"><span style=\"font-family: Calibri, serif;\"><span style=\"font-size: small;\"><b>Paul Klee<\/b>, <u>Le chat et l&rsquo;oiseau<\/u>, 1928<\/span><\/span><\/p>\n<\/td>\n<\/tr>\n<\/tbody>\n<\/table>\n<ul>\n<li><span style=\"font-family: Times New Roman, serif;\"><span style=\"font-size: medium;\"><span style=\"font-family: Arial, serif;\"><span style=\"font-size: small;\"><span lang=\"en-US\">Le d\u00e9crire collectivement d\u2019abord en fran\u00e7ais puis progressivement en anglais<\/span><\/span><\/span><\/span><\/span><\/li>\n<li><span style=\"font-family: Times New Roman, serif;\"><span style=\"font-size: medium;\"><span style=\"font-family: Arial, serif;\"><span style=\"font-size: small;\"><span lang=\"en-US\">Utiliser le vocabulaire des champs lexicaux requis et proposer des phrases simples en s\u2019appuyant sur les \u00e9l\u00e9ments de langage et les rep\u00e8res de progressivit\u00e9 ci apr\u00e8s:<\/span><\/span><\/span><\/span><\/span><\/li>\n<li><span style=\"font-family: Times New Roman, serif;\"><span style=\"font-size: medium;\"><span style=\"font-family: Arial, serif;\"><span style=\"font-size: small;\"><span lang=\"en-US\">Elaborer collectivement une trame de description de l\u2019oeuvre (mots cl\u00e9 et phrases inscrites au tableau)<\/span><\/span><\/span><\/span><\/span><\/li>\n<li><span style=\"font-family: Times New Roman, serif;\"><span style=\"font-size: medium;\"><span style=\"font-family: Arial, serif;\"><span style=\"font-size: small;\"><span lang=\"en-US\">M\u00e9moriser d\u2019abord collectivement puis individuellement certains mots, certaines phrases, et les noms des artistes ainsi que les oeuvres d\u00e9crites<\/span><\/span><\/span><\/span><\/span><\/li>\n<li><span style=\"font-family: Times New Roman, serif;\"><span style=\"font-size: medium;\"><span style=\"font-family: Arial, serif;\"><span style=\"font-size: small;\"><span lang=\"en-US\">S\u2019entrainer \u00e0 une premi\u00e8re prise de parole continue en bin\u00f4mes ou en petits groupes.<\/span><\/span><\/span><\/span><\/span><\/li>\n<li><span style=\"font-family: Times New Roman, serif;\"><span style=\"font-size: medium;\"><span style=\"font-family: Arial, serif;\"><span style=\"font-size: small;\"><span lang=\"en-US\">Mettre en sc\u00e8ne cette prise de parole devant le groupe classe<\/span><\/span><\/span><\/span><\/span><\/li>\n<\/ul>\n<p><a name=\"_GoBack\"><\/a><span style=\"color: #0070c0;\"><span style=\"font-family: Arial, serif;\"><span style=\"font-size: medium;\"><span lang=\"en-US\"><b>Champs lexicaux<\/b><\/span><\/span><\/span><\/span><\/p>\n<table width=\"707\" cellspacing=\"0\" cellpadding=\"7\">\n<tbody>\n<tr>\n<td valign=\"top\" width=\"691\">\n<p lang=\"en-US\" align=\"left\"><span style=\"font-family: Arial, serif;\"><span style=\"font-size: small;\">&#8211; <b>Shapes<\/b>: square, rectangle, circle, triangle, line, Chinese signs\u2026<\/span><\/span><\/p>\n<p align=\"left\"><span style=\"font-size: small;\"><span style=\"font-family: Arial, serif;\"><span lang=\"en-US\">&#8211; <\/span><\/span><span style=\"font-family: Arial, serif;\"><span lang=\"en-US\"><b>Colours<\/b><\/span><\/span><span style=\"font-family: Arial, serif;\"><span lang=\"en-US\">: velvet, brown\u2026dark, light, pale\u2026<\/span><\/span><span style=\"color: #000000;\"><span style=\"font-family: Calibri, serif;\"><span lang=\"fr-FR\"> a soft light, blurred (flou), hazy (brumeux)<\/span><\/span><\/span><\/span><\/p>\n<p lang=\"en-US\" align=\"left\"><span style=\"font-family: Arial, serif;\"><span style=\"font-size: small;\">&#8211; <b>Characters &amp; pets<\/b>: man, woman, prince, king, princess, boy, girl, family, brother, sister, baby\u2026<\/span><\/span><\/p>\n<p align=\"left\"><span style=\"font-size: small;\"><span style=\"font-family: Arial, serif;\"><span lang=\"en-US\">&#8211; <\/span><\/span><span style=\"font-family: Arial, serif;\"><span lang=\"en-US\"><b>Landscape and scenery d<\/b><\/span><\/span><span style=\"color: #000000;\"><span style=\"font-family: Arial, serif;\"><span lang=\"fr-FR\"><b>epiction<\/b><\/span><\/span><\/span><span style=\"color: #000000;\"><span style=\"font-family: Arial, serif;\"><span lang=\"fr-FR\"> (repr\u00e9sentation<\/span><\/span><\/span><span style=\"font-family: Arial, serif;\"><span lang=\"fr-FR\">):<\/span><\/span><span style=\"color: #000000;\"><span style=\"font-family: Arial, serif;\"><span lang=\"fr-FR\"> different points of view, different framings, different colours, different plans, sky line (ligne d\u2019horizon) frame, tube, <\/span><\/span><\/span><span style=\"color: #000000;\"><span style=\"font-family: Calibri, serif;\"><span lang=\"fr-FR\">Watercolour painting, Seascape (marine sans bateau), a marine (marine avec bateau), horizon (l\u2019horizon), lighthouse, hill, house, ship, sail, sea, ocean, storm, waves, cloud, dog<\/span><\/span><\/span><\/span><\/p>\n<p align=\"left\"><span style=\"font-size: small;\"><span style=\"font-family: Arial, serif;\"><span lang=\"en-US\">&#8211; <\/span><\/span><span style=\"font-family: Arial, serif;\"><span lang=\"en-US\"><b>Clothes<\/b><\/span><\/span><span style=\"font-family: Arial, serif;\"><span lang=\"en-US\">: dress, bathrobe, kimono, scarf, shoes, hat, <\/span><\/span><span style=\"color: #000000;\"><span style=\"font-family: Calibri, serif;\"><span lang=\"fr-FR\">suit (costume), a long dress, a hat with feathers, a stole (une \u00e9tole)<\/span><\/span><\/span><\/span><\/p>\n<p align=\"left\"><span style=\"font-family: Arial, serif;\"><span style=\"font-size: small;\"><span lang=\"en-US\">&#8211; <\/span><span lang=\"en-US\"><b>Portraits: <\/b><\/span><span style=\"color: #000000;\"><span lang=\"fr-FR\">a full-face portrait, a profile portrait, a three-quarter portrait, a full portrait (en pied), a head and shoulders portrait (en buste) \u2026<\/span><\/span><\/span><\/span><\/p>\n<p align=\"left\"><span style=\"font-size: small;\"><span style=\"font-family: Arial, serif;\"><span lang=\"en-US\">&#8211; <\/span><\/span><span style=\"font-family: Arial, serif;\"><span lang=\"en-US\"><b>Objects<\/b><\/span><\/span><span style=\"font-family: Arial, serif;\"><span lang=\"en-US\">: chair, table, carpet, door, house, table\u2026furniture, leaf<\/span><\/span><span style=\"color: #000000;\"><span style=\"font-family: Calibri, serif;\"><span lang=\"fr-FR\">, leaves (feuille\/feuilles), basket, ledge (corniche, rebord), flacon (pichet), Still life (nature morte), pewter(\u00e9tain),<\/span><\/span><\/span><span style=\"font-family: Arial, serif;\"><span lang=\"en-US\"> fruit <\/span><\/span><span style=\"color: #000000;\"><span style=\"font-family: Calibri, serif;\"><span lang=\"fr-FR\">(apple, pineapple, grapes, melon, pear, cherry (rries) <\/span><\/span><\/span><span style=\"font-family: Arial, serif;\"><span lang=\"en-US\">\u2026<\/span><\/span><\/span><\/p>\n<p lang=\"en-US\" align=\"left\"><span style=\"font-family: Arial, serif;\"><span style=\"font-size: small;\">&#8211; <b>Adjectives<\/b>: small, tall, thin, big, young, old, serious, nice, beautiful, ugly, \u2026<\/span><\/span><\/p>\n<p lang=\"en-US\" align=\"left\"><span style=\"font-family: Arial, serif;\"><span style=\"font-size: small;\">&#8211; <b>Feelings<\/b>: angry, sad, proud, happy, surprised, scared, \u2026<\/span><\/span><\/p>\n<p align=\"left\"><span style=\"font-size: small;\"><span style=\"font-family: Arial, serif;\"><span lang=\"en-US\">&#8211; <\/span><\/span><span style=\"font-family: Arial, serif;\"><span lang=\"en-US\"><b>Positions<\/b><\/span><\/span><span style=\"font-family: Arial, serif;\"><span lang=\"en-US\">: on the right\/left, at the top, in the bottom, in the background, on the forehand, next to, between<\/span><\/span><span style=\"color: #000000;\"><span style=\"font-family: Calibri, serif;\"><span lang=\"fr-FR\"> behind, in front of\u2026<\/span><\/span><\/span><\/span><\/p>\n<p lang=\"en-US\" align=\"left\"><span style=\"font-family: Arial, serif;\"><span style=\"font-size: small;\">&#8211; <b>Expression of opinion<\/b>: I feel, I think, I chose, I don\u2019t understand, I like\/don\u2019t like, I agree with you\/don\u2019t agree with you<i>\u2026<\/i><\/span><\/span><\/p>\n<p lang=\"en-US\" align=\"left\"><span style=\"font-family: Arial, serif;\"><span style=\"font-size: small;\">&#8211; <b>Actions and description<\/b>: I can see, there is\/are, standing, sitting, sleeping, smiling, looking\u2026.<\/span><\/span><\/p>\n<table width=\"421\" cellspacing=\"0\" cellpadding=\"7\">\n<tbody>\n<tr>\n<td valign=\"top\" width=\"407\" height=\"50\"><span style=\"color: #000000;\"><span style=\"font-family: Arial, serif;\"><span style=\"font-size: small;\">This artwork is a watercolour on paper.<\/span><\/span><\/span><\/p>\n<p><span style=\"color: #000000;\"><span style=\"font-family: Arial, serif;\"><span style=\"font-size: small;\">It\u2019s a seascape.<\/span><\/span><\/span><\/p>\n<p><span style=\"color: #000000;\"><span style=\"font-family: Arial, serif;\"><span style=\"font-size: small;\">I see a dog on the beach.<\/span><\/span><\/span><\/p>\n<p><span style=\"color: #000000;\"><span style=\"font-family: Arial, serif;\"><span style=\"font-size: small;\">I see a lighthouse on the hill. There is a house next to the lighthouse.<\/span><\/span><\/span><\/td>\n<\/tr>\n<\/tbody>\n<\/table>\n<\/td>\n<\/tr>\n<\/tbody>\n<\/table>\n<p><img loading=\"lazy\" decoding=\"async\" class=\"alignnone wp-image-121\" src=\"https:\/\/ecole.ac-nice.fr\/antibes\/semainedeslangues\/wp-content\/uploads\/sites\/32\/2022\/03\/lexicon-241x300.png\" alt=\"\" width=\"607\" height=\"754\" srcset=\"https:\/\/ecole.ac-nice.fr\/antibes\/semainedeslangues\/wp-content\/uploads\/sites\/32\/2022\/03\/lexicon-241x300.png 241w, https:\/\/ecole.ac-nice.fr\/antibes\/semainedeslangues\/wp-content\/uploads\/sites\/32\/2022\/03\/lexicon.png 664w\" sizes=\"auto, (max-width: 607px) 100vw, 607px\" \/><\/p>\n<p><span style=\"font-family: Times New Roman, serif;\"><span style=\"font-size: medium;\"><span style=\"color: #0070c0;\"><span style=\"font-family: Arial, serif;\"><b>Rep\u00e8res de progressivit\u00e9 et \u00e9l\u00e9ments de langage<\/b><\/span><\/span><\/span><\/span><\/p>\n<table width=\"697\" cellspacing=\"0\" cellpadding=\"7\">\n<tbody>\n<tr valign=\"top\">\n<td style=\"background: #dbe5f1;\" bgcolor=\"#dbe5f1\" width=\"296\" height=\"15\">\n<p style=\"text-align: center;\" align=\"left\"><span style=\"font-family: Arial, serif;\"><span style=\"font-size: small;\"><span style=\"color: #ff0000;\"><b>A1<\/b><\/span><\/span><\/span><\/p>\n<\/td>\n<td style=\"background: #dbe5f1;\" bgcolor=\"#dbe5f1\" width=\"371\">\n<p style=\"text-align: center;\" align=\"left\"><span style=\"font-family: Arial, serif;\"><span style=\"font-size: small;\"><i><b>Exemples d\u2019\u00e9l\u00e9ments de langage<\/b><\/i><\/span><\/span><\/p>\n<\/td>\n<\/tr>\n<tr valign=\"top\">\n<td style=\"background: #ffffff;\" bgcolor=\"#ffffff\" width=\"296\">\n<p align=\"left\"><span style=\"font-family: Arial, serif;\"><span style=\"font-size: small;\">L\u2019\u00e9l\u00e8ve est capable de<\/span><\/span><\/p>\n<p align=\"left\"><span style=\"font-family: Arial, serif;\"><span style=\"font-size: small;\">&#8211; S\u2019appuyer sur les indices visuels pour identifier la nature du document et le th\u00e8me central du support et pour comprendre partiellement la description physique des personnages<\/span><\/span><\/p>\n<\/td>\n<td style=\"background: #ffffff;\" bgcolor=\"#ffffff\" width=\"371\">\n<p lang=\"en-US\" align=\"left\"><span style=\"font-family: Arial, serif;\"><span style=\"font-size: small;\"><i>All the pictures show a family \/ The artist shows families<\/i><\/span><\/span><\/p>\n<p lang=\"en-US\" align=\"left\"><span style=\"font-family: Arial, serif;\"><span style=\"font-size: small;\"><i>In the picture, we can see a mother, a little girl a boy and a baby<\/i><\/span><\/span><\/p>\n<p lang=\"en-US\" align=\"left\"><span style=\"font-family: Arial, serif;\"><span style=\"font-size: small;\"><i>The members of the family<\/i><\/span><\/span><\/p>\n<p lang=\"en-US\" align=\"left\"><span style=\"font-family: Arial, serif;\"><span style=\"font-size: small;\"><i>Dark clothes, bright colours, dull atmosphere<\/i><\/span><\/span><\/p>\n<p lang=\"en-US\" align=\"left\"><span style=\"font-family: Arial, serif;\"><span style=\"font-size: small;\"><i>Dirty clothes, a brown dress with a hole in<\/i><\/span><\/span><\/p>\n<p lang=\"en-US\" align=\"left\"><span style=\"font-family: Arial, serif;\"><span style=\"font-size: small;\"><i>Holding the baby in her arms, sitting down in the street, standing next to<\/i><\/span><\/span><\/p>\n<p lang=\"en-US\" align=\"left\"><span style=\"font-family: Arial, serif;\"><span style=\"font-size: small;\"><i>Some people in the street<\/i><\/span><\/span><\/p>\n<p lang=\"en-US\" align=\"left\"><span style=\"font-family: Arial, serif;\"><span style=\"font-size: small;\"><i>An umbrella, a basket of flowers<\/i><\/span><\/span><\/p>\n<\/td>\n<\/tr>\n<tr valign=\"top\">\n<td style=\"background: #ffffff;\" bgcolor=\"#ffffff\" width=\"296\">\n<p align=\"left\"><span style=\"font-family: Arial, serif;\"><span style=\"font-size: small;\">L\u2019\u00e9l\u00e8ve est capable de<\/span><\/span><\/p>\n<p align=\"left\"><span style=\"font-family: Arial, serif;\"><span style=\"font-size: small;\">&#8211; Rep\u00e9rer des informations isol\u00e9es, ou r\u00e9p\u00e9t\u00e9es plusieurs fois<\/span><\/span><\/p>\n<p align=\"left\"><span style=\"font-family: Arial, serif;\"><span style=\"font-size: small;\">&#8211; Comprendre l\u2019atmosph\u00e8re g\u00e9n\u00e9rale<\/span><\/span><\/p>\n<\/td>\n<td style=\"background: #ffffff;\" bgcolor=\"#ffffff\" width=\"371\">\n<p lang=\"en-US\" align=\"left\"><span style=\"font-family: Arial, serif;\"><span style=\"font-size: small;\"><i>She looks unhappy, miserable<\/i><\/span><\/span><\/p>\n<p lang=\"en-US\" align=\"left\"><span style=\"font-family: Arial, serif;\"><span style=\"font-size: small;\"><i>The family is in difficulty, no money for food, love, sadness<\/i><\/span><\/span><\/p>\n<p lang=\"en-US\" align=\"left\"><span style=\"font-family: Arial, serif;\"><span style=\"font-size: small;\"><i>They look sad, feel sorry for\u2026<\/i><\/span><\/span><\/p>\n<p lang=\"en-US\" align=\"left\"><span style=\"font-family: Arial, serif;\"><span style=\"font-size: small;\"><i>The general atmosphere, in the rain<\/i><\/span><\/span><\/p>\n<\/td>\n<\/tr>\n<tr valign=\"top\">\n<td style=\"background: #ffffff;\" bgcolor=\"#ffffff\" width=\"296\">\n<p align=\"left\"><span style=\"font-family: Arial, serif;\"><span style=\"font-size: small;\">L\u2019\u00e9l\u00e8ve est capable de<\/span><\/span><\/p>\n<p align=\"left\"><span style=\"font-family: Arial, serif;\"><span style=\"font-size: small;\">&#8211; Reconna\u00eetre quelques r\u00e9f\u00e9rences culturelles visibles\u00a0: r\u00f4le des couleurs et lien entre couleur et atmosph\u00e8re<\/span><\/span><\/p>\n<\/td>\n<td style=\"background: #ffffff;\" bgcolor=\"#ffffff\" width=\"371\">\n<p lang=\"en-US\" align=\"left\"><span style=\"font-family: Arial, serif;\"><span style=\"font-size: small;\"><i>The colours of the painting are all dark except\u2026<\/i><\/span><\/span><\/p>\n<p lang=\"en-US\" align=\"left\"><span style=\"font-family: Arial, serif;\"><span style=\"font-size: small;\"><i>Bright colours, symbol of hope and love<\/i><\/span><\/span><\/p>\n<p lang=\"en-US\" align=\"left\"><span style=\"font-family: Arial, serif;\"><span style=\"font-size: small;\"><i>His clothes are dirty<\/i><\/span><\/span><\/p>\n<p lang=\"en-US\" align=\"left\"><span style=\"font-family: Arial, serif;\"><span style=\"font-size: small;\"><i>Dirty clothes, a brown dress with a hole in<\/i><\/span><\/span><\/p>\n<p lang=\"en-US\" align=\"left\"><span style=\"font-family: Arial, serif;\"><span style=\"font-size: small;\"><i>A long, black skirt, a brown cape, a black hat\u2026<\/i><\/span><\/span><\/p>\n<\/td>\n<\/tr>\n<\/tbody>\n<\/table>\n<p style=\"text-align: center;\"><a href=\"https:\/\/ecole.ac-nice.fr\/antibes\/semainedeslangues\/wp-content\/uploads\/sites\/32\/2022\/03\/C2D3.pdf\">T\u00e9l\u00e9charger cette page C2D3<\/a><\/p>\n","protected":false},"excerpt":{"rendered":"<p>Anglais\u00a0 Cycle 2 Day 3, April 7th &nbsp; Choisir un tableau parmi les 3 oeuvres propos\u00e9es ci dessous Edward Hopper, Lighthouse hill, 1927 Marisol, The Family,1963 Paul Klee, Le chat et l&rsquo;oiseau, 1928 Le d\u00e9crire collectivement d\u2019abord en fran\u00e7ais puis progressivement en anglais Utiliser le vocabulaire des champs lexicaux requis et proposer des phrases simples &hellip; <a href=\"https:\/\/ecole.ac-nice.fr\/antibes\/semainedeslangues\/accueil\/anglais\/anglais-c2-day-3-april-7th\/\" class=\"more-link\">Continuer la lecture de <span class=\"screen-reader-text\">Anglais C2 Day 3, April 7th<\/span> <span class=\"meta-nav\">&rarr;<\/span><\/a><\/p>\n","protected":false},"author":26,"featured_media":0,"parent":37,"menu_order":0,"comment_status":"closed","ping_status":"closed","template":"","meta":{"footnotes":""},"class_list":["post-110","page","type-page","status-publish","hentry"],"_links":{"self":[{"href":"https:\/\/ecole.ac-nice.fr\/antibes\/semainedeslangues\/wp-json\/wp\/v2\/pages\/110","targetHints":{"allow":["GET"]}}],"collection":[{"href":"https:\/\/ecole.ac-nice.fr\/antibes\/semainedeslangues\/wp-json\/wp\/v2\/pages"}],"about":[{"href":"https:\/\/ecole.ac-nice.fr\/antibes\/semainedeslangues\/wp-json\/wp\/v2\/types\/page"}],"author":[{"embeddable":true,"href":"https:\/\/ecole.ac-nice.fr\/antibes\/semainedeslangues\/wp-json\/wp\/v2\/users\/26"}],"replies":[{"embeddable":true,"href":"https:\/\/ecole.ac-nice.fr\/antibes\/semainedeslangues\/wp-json\/wp\/v2\/comments?post=110"}],"version-history":[{"count":11,"href":"https:\/\/ecole.ac-nice.fr\/antibes\/semainedeslangues\/wp-json\/wp\/v2\/pages\/110\/revisions"}],"predecessor-version":[{"id":216,"href":"https:\/\/ecole.ac-nice.fr\/antibes\/semainedeslangues\/wp-json\/wp\/v2\/pages\/110\/revisions\/216"}],"up":[{"embeddable":true,"href":"https:\/\/ecole.ac-nice.fr\/antibes\/semainedeslangues\/wp-json\/wp\/v2\/pages\/37"}],"wp:attachment":[{"href":"https:\/\/ecole.ac-nice.fr\/antibes\/semainedeslangues\/wp-json\/wp\/v2\/media?parent=110"}],"curies":[{"name":"wp","href":"https:\/\/api.w.org\/{rel}","templated":true}]}}