{"id":10,"date":"2022-03-02T11:52:59","date_gmt":"2022-03-02T10:52:59","guid":{"rendered":"https:\/\/ecole.ac-nice.fr\/antibes\/semainedeslangues\/?page_id=10"},"modified":"2022-06-02T16:40:08","modified_gmt":"2022-06-02T14:40:08","slug":"accueil","status":"publish","type":"page","link":"https:\/\/ecole.ac-nice.fr\/antibes\/semainedeslangues\/","title":{"rendered":"Accueil"},"content":{"rendered":"<h3><span style=\"color: #0000ff;\">Bienvenue \u00e0 la semaine des langues 2021-2022<\/span><\/h3>\n<p>Une invitation vous a \u00e9t\u00e9 envoy\u00e9e sur votre adresse professionnelle, apr\u00e8s l&rsquo;avoir accept\u00e9, vous aurez acc\u00e8s \u00e0 l&rsquo;espace tribu d\u00e9di\u00e9 pour d\u00e9poser les productions.<\/p>\n<p>en cas de probl\u00e8me, \u00e9crivez sur le mail suivant<\/p>\n<p>erun-0060660K@ac-nice.fr<\/p>\n<p><a href=\"https:\/\/ecole.ac-nice.fr\/antibes\/semainedeslangues\/wp-content\/uploads\/sites\/32\/2022\/03\/Descriptif_-sommaire_-SEMAINE_-DES-LANGUES_-avril-2022-.pdf\"><span style=\"color: #3366ff;\">Description de l&rsquo;activit\u00e9<\/span><\/a><\/p>\n<p><span style=\"color: #3366ff;\"><a style=\"color: #3366ff;\" href=\"https:\/\/docs.google.com\/forms\/d\/e\/1FAIpQLScQ4PmELlauli-5Xo7i85qFg66jmYZi_MWx9g8UGtHO38NTzg\/viewform\">Lien d&rsquo;inscription \u00e0 la semaine des langues 2021-2022<\/a><\/span><\/p>\n<p><span style=\"color: #3366ff;\">Tutoriel d&rsquo;aide \u00e0 la <a style=\"color: #3366ff;\" href=\"https:\/\/ecole.ac-nice.fr\/antibes\/semainedeslangues\/wp-content\/uploads\/sites\/32\/2022\/03\/Tutoriel-pour-la-declaration-RGPD.pdf\">d\u00e9claration RGPD<\/a>, \u00e0 effectuer sur le site <a style=\"color: #3366ff;\" href=\"https:\/\/esterel.ac-nice.fr\/plog\/public\/login\">Est\u00e9rel<\/a><\/span><\/p>\n<h3 style=\"text-align: center;\"><a href=\"https:\/\/www.pedagogie.ac-nice.fr\/dsden06\/lv06\/2021\/06\/29\/les-laureats-du-concours\/\" target=\"_blank\" rel=\"noopener\">Les R\u00e9sultats de la semaine des langues sont ICI<\/a><\/h3>\n","protected":false},"excerpt":{"rendered":"<p>Bienvenue \u00e0 la semaine des langues 2021-2022 Une invitation vous a \u00e9t\u00e9 envoy\u00e9e sur votre adresse professionnelle, apr\u00e8s l&rsquo;avoir accept\u00e9, vous aurez acc\u00e8s \u00e0 l&rsquo;espace tribu d\u00e9di\u00e9 pour d\u00e9poser les productions. en cas de probl\u00e8me, \u00e9crivez sur le mail suivant erun-0060660K@ac-nice.fr Description de l&rsquo;activit\u00e9 Lien d&rsquo;inscription \u00e0 la semaine des langues 2021-2022 Tutoriel d&rsquo;aide \u00e0 &hellip; <a href=\"https:\/\/ecole.ac-nice.fr\/antibes\/semainedeslangues\/\" class=\"more-link\">Continuer la lecture de <span class=\"screen-reader-text\">Accueil<\/span> <span class=\"meta-nav\">&rarr;<\/span><\/a><\/p>\n","protected":false},"author":26,"featured_media":0,"parent":0,"menu_order":0,"comment_status":"closed","ping_status":"closed","template":"","meta":{"footnotes":""},"class_list":["post-10","page","type-page","status-publish","hentry"],"_links":{"self":[{"href":"https:\/\/ecole.ac-nice.fr\/antibes\/semainedeslangues\/wp-json\/wp\/v2\/pages\/10","targetHints":{"allow":["GET"]}}],"collection":[{"href":"https:\/\/ecole.ac-nice.fr\/antibes\/semainedeslangues\/wp-json\/wp\/v2\/pages"}],"about":[{"href":"https:\/\/ecole.ac-nice.fr\/antibes\/semainedeslangues\/wp-json\/wp\/v2\/types\/page"}],"author":[{"embeddable":true,"href":"https:\/\/ecole.ac-nice.fr\/antibes\/semainedeslangues\/wp-json\/wp\/v2\/users\/26"}],"replies":[{"embeddable":true,"href":"https:\/\/ecole.ac-nice.fr\/antibes\/semainedeslangues\/wp-json\/wp\/v2\/comments?post=10"}],"version-history":[{"count":20,"href":"https:\/\/ecole.ac-nice.fr\/antibes\/semainedeslangues\/wp-json\/wp\/v2\/pages\/10\/revisions"}],"predecessor-version":[{"id":433,"href":"https:\/\/ecole.ac-nice.fr\/antibes\/semainedeslangues\/wp-json\/wp\/v2\/pages\/10\/revisions\/433"}],"wp:attachment":[{"href":"https:\/\/ecole.ac-nice.fr\/antibes\/semainedeslangues\/wp-json\/wp\/v2\/media?parent=10"}],"curies":[{"name":"wp","href":"https:\/\/api.w.org\/{rel}","templated":true}]}}