{"id":338,"date":"2018-08-30T16:58:01","date_gmt":"2018-08-30T14:58:01","guid":{"rendered":"http:\/\/ecole.ac-nice.fr\/antibes\/moulinneufbiot\/?page_id=338"},"modified":"2018-08-30T16:58:01","modified_gmt":"2018-08-30T14:58:01","slug":"rentree-2018","status":"publish","type":"page","link":"https:\/\/ecole.ac-nice.fr\/antibes\/moulinneufbiot\/?page_id=338","title":{"rendered":"Rentr\u00e9e  2018"},"content":{"rendered":"<p>Veuillez noter qu&rsquo;\u00e0 compter de la rentr\u00e9e de septembre 2018, Madame Target sera directrice de l&rsquo;\u00e9cole \u00e9l\u00e9mentaire.<\/p>\n<p>Pour obtenir la liste de fournitures de rentr\u00e9e demand\u00e9e par les enseignants, cliquez sur la classe de votre enfant:<\/p>\n<p>Classes de C.P\u00a0 de Mmes Marenco et M\u00e9nard,<\/p>\n<p>Classe de CE1 de Mmes Salicis\/Dalban,<\/p>\n<p>Classe de CE1\/2 de Mme Retaggi,<\/p>\n<p>Classe de CE2 de Mmes Arnaud\/Dalban,<\/p>\n<p>Classe de CM1 de Mmes Colas\/Dalban,<\/p>\n<p>Classe de CM1\/2 de Mr Chaput,<\/p>\n<p>Classe de CM2 de Mme Target.<\/p>\n<p>&nbsp;<\/p>\n<p>Bonne rentr\u00e9e \u00e0 tous !<\/p>\n","protected":false},"excerpt":{"rendered":"<p>Veuillez noter qu&rsquo;\u00e0 compter de la rentr\u00e9e de septembre 2018, Madame Target sera directrice de l&rsquo;\u00e9cole \u00e9l\u00e9mentaire. Pour obtenir la liste de fournitures de rentr\u00e9e demand\u00e9e par les enseignants, cliquez sur la classe de votre enfant: Classes de C.P\u00a0 de Mmes Marenco et M\u00e9nard, Classe de CE1 de Mmes Salicis\/Dalban, Classe de CE1\/2 de Mme &hellip; <a href=\"https:\/\/ecole.ac-nice.fr\/antibes\/moulinneufbiot\/?page_id=338\" class=\"more-link\">Continuer la lecture de <span class=\"screen-reader-text\">Rentr\u00e9e  2018<\/span> <span class=\"meta-nav\">&rarr;<\/span><\/a><\/p>\n","protected":false},"author":25,"featured_media":0,"parent":0,"menu_order":0,"comment_status":"closed","ping_status":"closed","template":"","meta":{"footnotes":""},"class_list":["post-338","page","type-page","status-publish","hentry"],"_links":{"self":[{"href":"https:\/\/ecole.ac-nice.fr\/antibes\/moulinneufbiot\/index.php?rest_route=\/wp\/v2\/pages\/338","targetHints":{"allow":["GET"]}}],"collection":[{"href":"https:\/\/ecole.ac-nice.fr\/antibes\/moulinneufbiot\/index.php?rest_route=\/wp\/v2\/pages"}],"about":[{"href":"https:\/\/ecole.ac-nice.fr\/antibes\/moulinneufbiot\/index.php?rest_route=\/wp\/v2\/types\/page"}],"author":[{"embeddable":true,"href":"https:\/\/ecole.ac-nice.fr\/antibes\/moulinneufbiot\/index.php?rest_route=\/wp\/v2\/users\/25"}],"replies":[{"embeddable":true,"href":"https:\/\/ecole.ac-nice.fr\/antibes\/moulinneufbiot\/index.php?rest_route=%2Fwp%2Fv2%2Fcomments&post=338"}],"version-history":[{"count":1,"href":"https:\/\/ecole.ac-nice.fr\/antibes\/moulinneufbiot\/index.php?rest_route=\/wp\/v2\/pages\/338\/revisions"}],"predecessor-version":[{"id":343,"href":"https:\/\/ecole.ac-nice.fr\/antibes\/moulinneufbiot\/index.php?rest_route=\/wp\/v2\/pages\/338\/revisions\/343"}],"wp:attachment":[{"href":"https:\/\/ecole.ac-nice.fr\/antibes\/moulinneufbiot\/index.php?rest_route=%2Fwp%2Fv2%2Fmedia&parent=338"}],"curies":[{"name":"wp","href":"https:\/\/api.w.org\/{rel}","templated":true}]}}