{"id":273,"date":"2018-01-19T18:55:02","date_gmt":"2018-01-19T17:55:02","guid":{"rendered":"http:\/\/ecole.ac-nice.fr\/antibes\/moulinneufbiot\/?page_id=273"},"modified":"2018-01-19T19:32:23","modified_gmt":"2018-01-19T18:32:23","slug":"entree-en-6eme","status":"publish","type":"page","link":"https:\/\/ecole.ac-nice.fr\/antibes\/moulinneufbiot\/?page_id=273","title":{"rendered":"Entr\u00e9e en 6\u00e8me"},"content":{"rendered":"<h5 style=\"text-align: center\">Vous trouverez ici les informations essentielles concernant le passage en sixi\u00e8me de votre enfant pour l&rsquo;an prochain.<\/h5>\n<p>C&rsquo;est le directeur de l&rsquo;\u00e9cole qui \u00e9tablit le <strong>dossier d&rsquo;inscription num\u00e9rique<\/strong> de votre enfant via l&rsquo;application affelnet de la DSDEN 06 entre f\u00e9vrier et avril. N\u00e9anmoins le coll\u00e8ge vous demandera malgr\u00e9 tout en juin de finaliser cette inscription en remplissant un dossier papier compl\u00e9t\u00e9 des pi\u00e8ces justificatives. <em>V\u00e9rifiez donc attentivement les informations que vous donnez \u00e0 l&rsquo;\u00e9cole pour cette inscription.<\/em><\/p>\n<p>Diff\u00e9rentes sections de coll\u00e8ge sont propos\u00e9es d\u00e8s la sixi\u00e8me:<\/p>\n<ul>\n<li>les sections internationales, <a href=\"http:\/\/www2.ac-nice.fr\/DSDEN06\/cid93508\/admission-en-6eme-section-internationale-session-2016.html\" target=\"_blank\" rel=\"noopener\"><em>toutes les informations ici<\/em><\/a><\/li>\n<li>les classes sixi\u00e8mes \u00e0 horaires am\u00e9nag\u00e9s (sport, musique),<\/li>\n<li>la SEGPA,<\/li>\n<li>Le coll\u00e8ge en internat, <a href=\"https:\/\/ecole.ac-nice.fr\/antibes\/moulinneufbiot\/wp-content\/uploads\/sites\/20\/2018\/01\/Dossier-internat-CLG-R2018.pdf\">Dossier internat CLG R2018<\/a>, <a href=\"https:\/\/ecole.ac-nice.fr\/antibes\/moulinneufbiot\/wp-content\/uploads\/sites\/20\/2018\/01\/Info-familles-internat-CLG-R2018.pdf\">Info familles internat CLG R2018<\/a><\/li>\n<li>et bien s\u00fbr les sections g\u00e9n\u00e9rales.<a href=\"http:\/\/www2.ac-nice.fr\/cid79905\/l-inscription-college.html\" target=\"_blank\" rel=\"noopener\"><em>\u00a0Informations acad\u00e9miques g\u00e9n\u00e9rales sur la sixi\u00e8me ici<\/em><\/a><\/li>\n<\/ul>\n<pre>L'admission dans un coll\u00e8ge priv\u00e9 se fait habituellement sur dossier et entretien avant janvier. La d\u00e9marche\u00a0 d'inscription est alors individuelle. <em>Les familles orientant leur enfant dans un \u00e9tablissement priv\u00e9 devront n\u00e9anmoins participer \u00e0 la phase 1 de l'inscription num\u00e9rique de leur coll\u00e8ge public de secteur (sans avoir ensuite \u00e0 la finaliser bien s\u00fbr).<\/em><\/pre>\n<p>C&rsquo;est l&rsquo;adresse familiale qui d\u00e9termine l&rsquo;admission \u00e0 un coll\u00e8ge donn\u00e9. Les \u00e9l\u00e8ves du Moulin neuf\u00a0 d\u00e9pendent habituellement des coll\u00e8ges de la Fontonne ou de l&rsquo;Eganaude, parfois de Niki de Saint Phalle s&rsquo;ils habitent \u00e0 Biot, ou \u00e0 l&rsquo;un des coll\u00e8ges d&rsquo;Antibes s&rsquo;ils r\u00e9sident \u00e0 Antibes. Pour conna\u00eetre le coll\u00e8ge du secteur de votre domicile, consultez ces documents\u00a0\u00a0\u00a0<a href=\"https:\/\/ecole.ac-nice.fr\/antibes\/moulinneufbiot\/wp-content\/uploads\/sites\/20\/2018\/01\/Sectorisation-Eganaude.pdf\">Sectorisation Eganaude,<\/a> <a href=\"https:\/\/ecole.ac-nice.fr\/antibes\/moulinneufbiot\/wp-content\/uploads\/sites\/20\/2018\/01\/Sectorisation-Fontonne.pdf\">Sectorisation Fontonne,\u00a0<\/a> <a href=\"https:\/\/ecole.ac-nice.fr\/antibes\/moulinneufbiot\/wp-content\/uploads\/sites\/20\/2018\/01\/Sectorisation-Niki-St-Phalle.pdf\">Sectorisation Niki St Phalle<\/a>\u00a0\u00a0\u00a0\u00a0\u00a0\u00a0 ou la <a href=\"https:\/\/www.departement06.fr\/documents\/A-votre-service\/Education\/colleges\/dpt06-service-education_sectorisation-colleges.pdf\" target=\"_blank\" rel=\"noopener\">sectorisation d\u00e9partementale.<\/a><\/p>\n<p>Voici les \u00e9tapes de l&rsquo;inscription sixi\u00e8me de l&rsquo;an pass\u00e9 dans l&rsquo;attente de la mise \u00e0 jour 2018&#8230;<a href=\"http:\/\/ecole.ac-nice.fr\/antibes\/moulinneufbiot\/?p=145\" target=\"_blank\" rel=\"noopener\">inscription 6\u00e8me 2017<\/a><\/p>\n","protected":false},"excerpt":{"rendered":"<p>Vous trouverez ici les informations essentielles concernant le passage en sixi\u00e8me de votre enfant pour l&rsquo;an prochain. C&rsquo;est le directeur de l&rsquo;\u00e9cole qui \u00e9tablit le dossier d&rsquo;inscription num\u00e9rique de votre enfant via l&rsquo;application affelnet de la DSDEN 06 entre f\u00e9vrier et avril. N\u00e9anmoins le coll\u00e8ge vous demandera malgr\u00e9 tout en juin de finaliser cette inscription &hellip; <a href=\"https:\/\/ecole.ac-nice.fr\/antibes\/moulinneufbiot\/?page_id=273\" class=\"more-link\">Continuer la lecture de <span class=\"screen-reader-text\">Entr\u00e9e en 6\u00e8me<\/span> <span class=\"meta-nav\">&rarr;<\/span><\/a><\/p>\n","protected":false},"author":25,"featured_media":0,"parent":0,"menu_order":0,"comment_status":"closed","ping_status":"closed","template":"","meta":{"footnotes":""},"class_list":["post-273","page","type-page","status-publish","hentry"],"_links":{"self":[{"href":"https:\/\/ecole.ac-nice.fr\/antibes\/moulinneufbiot\/index.php?rest_route=\/wp\/v2\/pages\/273","targetHints":{"allow":["GET"]}}],"collection":[{"href":"https:\/\/ecole.ac-nice.fr\/antibes\/moulinneufbiot\/index.php?rest_route=\/wp\/v2\/pages"}],"about":[{"href":"https:\/\/ecole.ac-nice.fr\/antibes\/moulinneufbiot\/index.php?rest_route=\/wp\/v2\/types\/page"}],"author":[{"embeddable":true,"href":"https:\/\/ecole.ac-nice.fr\/antibes\/moulinneufbiot\/index.php?rest_route=\/wp\/v2\/users\/25"}],"replies":[{"embeddable":true,"href":"https:\/\/ecole.ac-nice.fr\/antibes\/moulinneufbiot\/index.php?rest_route=%2Fwp%2Fv2%2Fcomments&post=273"}],"version-history":[{"count":5,"href":"https:\/\/ecole.ac-nice.fr\/antibes\/moulinneufbiot\/index.php?rest_route=\/wp\/v2\/pages\/273\/revisions"}],"predecessor-version":[{"id":288,"href":"https:\/\/ecole.ac-nice.fr\/antibes\/moulinneufbiot\/index.php?rest_route=\/wp\/v2\/pages\/273\/revisions\/288"}],"wp:attachment":[{"href":"https:\/\/ecole.ac-nice.fr\/antibes\/moulinneufbiot\/index.php?rest_route=%2Fwp%2Fv2%2Fmedia&parent=273"}],"curies":[{"name":"wp","href":"https:\/\/api.w.org\/{rel}","templated":true}]}}