{"id":236,"date":"2018-01-02T18:14:47","date_gmt":"2018-01-02T17:14:47","guid":{"rendered":"http:\/\/ecole.ac-nice.fr\/antibes\/moulinneufbiot\/?page_id=236"},"modified":"2018-01-02T19:39:30","modified_gmt":"2018-01-02T18:39:30","slug":"ensemble-agissons","status":"publish","type":"page","link":"https:\/\/ecole.ac-nice.fr\/antibes\/moulinneufbiot\/?page_id=236","title":{"rendered":"Ensemble agissons !"},"content":{"rendered":"<p><em>Dans le cadre de l&rsquo;\u00e9ducation \u00e0 la citoyennet\u00e9, l&rsquo;\u00e9quipe enseignante engage chaque classe dans diff\u00e9rents projets pour apprendre aux enfants \u00e0 mieux vivre ensemble et \u00e0 comprendre les grandes probl\u00e9matiques de notre soci\u00e9t\u00e9.<\/em><\/p>\n<h6>Ensemble, pr\u00e9servons la plan\u00e8te !<\/h6>\n<p>Les \u00e9l\u00e8ves peuvent apporter les piles usag\u00e9es de leur foyer \u00e0 l&rsquo;\u00e9cole: un point de collecte se trouve dans le hall de l&rsquo;\u00e9cole. Pour en savoir plus, lire l&rsquo;article <a href=\"http:\/\/ecole.ac-nice.fr\/antibes\/moulinneufbiot\/?p=120\" target=\"_blank\" rel=\"noopener\">Batribox<\/a>.<\/p>\n<p>Les \u00e9l\u00e8ves apprennent \u00e0 trier leurs d\u00e9chets \u00e0 l&rsquo;\u00e9cole, en classe, \u00e0 la cantine. Merci de les aider \u00e0 garder ces bonnes habitudes en adoptant les m\u00eames comportements \u00e0 l&rsquo;ext\u00e9rieur&#8230;<\/p>\n<p>Les \u00e9l\u00e8ves de CM2 sont sensibilis\u00e9s cette ann\u00e9e\u00a0 2017-2018 aux \u00e9conomies d&rsquo;\u00e9nergie avec le programme <a href=\"http:\/\/watty.fr\/\" target=\"_blank\" rel=\"noopener\">\u00ab\u00a0Watty \u00e0 l&rsquo;\u00e9cole\u00a0\u00bb<\/a>. Trois interventions d&rsquo;un animateur scientifique sont pr\u00e9vues au cours de l&rsquo;ann\u00e9e \u00e0 leur intention.<\/p>\n<h6><strong>Ensemble soutenons !<\/strong><\/h6>\n<p>L&rsquo;\u00e9cole encourage \u00e9galement la collecte des bouchons en plastique au profit de l&rsquo;association \u00ab\u00a0Les bouchons d&rsquo;amour\u00a0\u00bb qui finance l&rsquo;achat de mat\u00e9riel pour les personnes ayant des handicaps. Pour plus d&rsquo;explications, lire l&rsquo;article <a href=\"http:\/\/ecole.ac-nice.fr\/antibes\/moulinneufbiot\/?p=132\">\u00ab\u00a0Les bouchons d&rsquo;amour\u00a0\u00bb<\/a>.<\/p>\n<p>Cette ann\u00e9e 2017\/18, toute l&rsquo;\u00e9cole a particip\u00e9 \u00e0 l&rsquo;action nationale \u00ab\u00a0Mets tes baskets et bats la maladie\u00a0\u00bb au profit de l&rsquo;association <a href=\"http:\/\/ela-asso.com\/\" target=\"_blank\" rel=\"noopener\">ELA<\/a>, avec l&rsquo;amical concours de notre parrain, Mr Karim Amour, champion du monde 2017 d&rsquo;enduro VTT. L&rsquo;effort collectif de tous les \u00e9l\u00e8ves soutenus par leur famille a permis de r\u00e9colter 3606 \u20ac pour cette association. Bravo \u00e0 tous !<\/p>\n<p>&nbsp;<\/p>\n","protected":false},"excerpt":{"rendered":"<p>Dans le cadre de l&rsquo;\u00e9ducation \u00e0 la citoyennet\u00e9, l&rsquo;\u00e9quipe enseignante engage chaque classe dans diff\u00e9rents projets pour apprendre aux enfants \u00e0 mieux vivre ensemble et \u00e0 comprendre les grandes probl\u00e9matiques de notre soci\u00e9t\u00e9. Ensemble, pr\u00e9servons la plan\u00e8te ! Les \u00e9l\u00e8ves peuvent apporter les piles usag\u00e9es de leur foyer \u00e0 l&rsquo;\u00e9cole: un point de collecte se &hellip; <a href=\"https:\/\/ecole.ac-nice.fr\/antibes\/moulinneufbiot\/?page_id=236\" class=\"more-link\">Continuer la lecture de <span class=\"screen-reader-text\">Ensemble agissons !<\/span> <span class=\"meta-nav\">&rarr;<\/span><\/a><\/p>\n","protected":false},"author":25,"featured_media":0,"parent":0,"menu_order":0,"comment_status":"closed","ping_status":"closed","template":"","meta":{"footnotes":""},"class_list":["post-236","page","type-page","status-publish","hentry"],"_links":{"self":[{"href":"https:\/\/ecole.ac-nice.fr\/antibes\/moulinneufbiot\/index.php?rest_route=\/wp\/v2\/pages\/236","targetHints":{"allow":["GET"]}}],"collection":[{"href":"https:\/\/ecole.ac-nice.fr\/antibes\/moulinneufbiot\/index.php?rest_route=\/wp\/v2\/pages"}],"about":[{"href":"https:\/\/ecole.ac-nice.fr\/antibes\/moulinneufbiot\/index.php?rest_route=\/wp\/v2\/types\/page"}],"author":[{"embeddable":true,"href":"https:\/\/ecole.ac-nice.fr\/antibes\/moulinneufbiot\/index.php?rest_route=\/wp\/v2\/users\/25"}],"replies":[{"embeddable":true,"href":"https:\/\/ecole.ac-nice.fr\/antibes\/moulinneufbiot\/index.php?rest_route=%2Fwp%2Fv2%2Fcomments&post=236"}],"version-history":[{"count":4,"href":"https:\/\/ecole.ac-nice.fr\/antibes\/moulinneufbiot\/index.php?rest_route=\/wp\/v2\/pages\/236\/revisions"}],"predecessor-version":[{"id":251,"href":"https:\/\/ecole.ac-nice.fr\/antibes\/moulinneufbiot\/index.php?rest_route=\/wp\/v2\/pages\/236\/revisions\/251"}],"wp:attachment":[{"href":"https:\/\/ecole.ac-nice.fr\/antibes\/moulinneufbiot\/index.php?rest_route=%2Fwp%2Fv2%2Fmedia&parent=236"}],"curies":[{"name":"wp","href":"https:\/\/api.w.org\/{rel}","templated":true}]}}