{"id":216,"date":"2018-01-02T17:54:09","date_gmt":"2018-01-02T16:54:09","guid":{"rendered":"http:\/\/ecole.ac-nice.fr\/antibes\/moulinneufbiot\/?page_id=216"},"modified":"2018-01-02T19:07:14","modified_gmt":"2018-01-02T18:07:14","slug":"cm2","status":"publish","type":"page","link":"https:\/\/ecole.ac-nice.fr\/antibes\/moulinneufbiot\/?page_id=216","title":{"rendered":"CM2"},"content":{"rendered":"<p>Cette page est consacr\u00e9e aux \u00e9l\u00e8ves de CM2 de l&rsquo;\u00e9cole. Tu y trouveras diff\u00e9rentes informations et liens vers des th\u00e8mes concernant ton ann\u00e9e de CM2.<\/p>\n<p>Des <a href=\"http:\/\/ecole.ac-nice.fr\/antibes\/moulinneufbiot\/?p=149\" target=\"_blank\" rel=\"noopener\">le\u00e7ons anim\u00e9es<\/a> pour r\u00e9viser d&rsquo;une fa\u00e7on amusante ce que tu dois savoir&#8230;<\/p>\n<p>Des <a href=\"http:\/\/ecole.ac-nice.fr\/antibes\/moulinneufbiot\/?p=147\" target=\"_blank\" rel=\"noopener\">ressources documentaires<\/a> pour approfondir certains th\u00e8mes.<\/p>\n<p>Des <a href=\"https:\/\/ecole.ac-nice.fr\/antibes\/moulinneufbiot\/?p=143&amp;preview=true\">audiobooks<\/a> pour am\u00e9liorer ton anglais.<\/p>\n<p>Et pour les CM2 de la classe Bridoux\/Pignolet l&rsquo;<a href=\"http:\/\/ecole.ac-nice.fr\/antibes\/moulinneufbiot\/?p=117\">agenda virtuel<\/a> pour v\u00e9rifier que tu n&rsquo;as rien oubli\u00e9 de marquer et mieux t&rsquo;organiser dans ton travail personnel.<\/p>\n","protected":false},"excerpt":{"rendered":"<p>Cette page est consacr\u00e9e aux \u00e9l\u00e8ves de CM2 de l&rsquo;\u00e9cole. Tu y trouveras diff\u00e9rentes informations et liens vers des th\u00e8mes concernant ton ann\u00e9e de CM2. Des le\u00e7ons anim\u00e9es pour r\u00e9viser d&rsquo;une fa\u00e7on amusante ce que tu dois savoir&#8230; Des ressources documentaires pour approfondir certains th\u00e8mes. Des audiobooks pour am\u00e9liorer ton anglais. Et pour les CM2 &hellip; <a href=\"https:\/\/ecole.ac-nice.fr\/antibes\/moulinneufbiot\/?page_id=216\" class=\"more-link\">Continuer la lecture de <span class=\"screen-reader-text\">CM2<\/span> <span class=\"meta-nav\">&rarr;<\/span><\/a><\/p>\n","protected":false},"author":25,"featured_media":0,"parent":0,"menu_order":0,"comment_status":"closed","ping_status":"closed","template":"","meta":{"footnotes":""},"class_list":["post-216","page","type-page","status-publish","hentry"],"_links":{"self":[{"href":"https:\/\/ecole.ac-nice.fr\/antibes\/moulinneufbiot\/index.php?rest_route=\/wp\/v2\/pages\/216","targetHints":{"allow":["GET"]}}],"collection":[{"href":"https:\/\/ecole.ac-nice.fr\/antibes\/moulinneufbiot\/index.php?rest_route=\/wp\/v2\/pages"}],"about":[{"href":"https:\/\/ecole.ac-nice.fr\/antibes\/moulinneufbiot\/index.php?rest_route=\/wp\/v2\/types\/page"}],"author":[{"embeddable":true,"href":"https:\/\/ecole.ac-nice.fr\/antibes\/moulinneufbiot\/index.php?rest_route=\/wp\/v2\/users\/25"}],"replies":[{"embeddable":true,"href":"https:\/\/ecole.ac-nice.fr\/antibes\/moulinneufbiot\/index.php?rest_route=%2Fwp%2Fv2%2Fcomments&post=216"}],"version-history":[{"count":6,"href":"https:\/\/ecole.ac-nice.fr\/antibes\/moulinneufbiot\/index.php?rest_route=\/wp\/v2\/pages\/216\/revisions"}],"predecessor-version":[{"id":246,"href":"https:\/\/ecole.ac-nice.fr\/antibes\/moulinneufbiot\/index.php?rest_route=\/wp\/v2\/pages\/216\/revisions\/246"}],"wp:attachment":[{"href":"https:\/\/ecole.ac-nice.fr\/antibes\/moulinneufbiot\/index.php?rest_route=%2Fwp%2Fv2%2Fmedia&parent=216"}],"curies":[{"name":"wp","href":"https:\/\/api.w.org\/{rel}","templated":true}]}}