{"id":157,"date":"2017-02-26T23:47:57","date_gmt":"2017-02-26T22:47:57","guid":{"rendered":"http:\/\/ecole.ac-nice.fr\/antibes\/moulinneufbiot\/?page_id=157"},"modified":"2018-08-30T16:54:25","modified_gmt":"2018-08-30T14:54:25","slug":"bienvenue-sur-le-site-de-lecole-elementaire-du-moulin-neuf","status":"publish","type":"page","link":"https:\/\/ecole.ac-nice.fr\/antibes\/moulinneufbiot\/","title":{"rendered":"Bienvenue sur le site de l&rsquo;\u00e9cole \u00e9l\u00e9mentaire du Moulin neuf    La rentr\u00e9e aura lieu le lundi 3 septembre \u00e0 8h30"},"content":{"rendered":"<p><em><\/em><em><\/em><img loading=\"lazy\" decoding=\"async\" class=\"aligncenter\" src=\"http:\/\/www.ac-nice.fr\/ia06\/ienantibes\/moulinneuf\/skin\/volute_1\/logo.png\" alt=\"le site de l'Ecole \u00e9l\u00e9mentaire du Moulin neuf\" width=\"803\" height=\"190\" border=\"0\" \/><\/p>\n<pre style=\"text-align: center\">N'h\u00e9sitez pas \u00e0 venir consulter ce site r\u00e9guli\u00e8rement pour voir le travail de nos \u00e9l\u00e8ves, \u00eatre inform\u00e9(e) des derni\u00e8res nouveaut\u00e9s.<\/pre>\n<h5>Horaires de l&rsquo;\u00e9cole \u00e9l\u00e9mentaire:<\/h5>\n<p><strong>Matin:<\/strong> de 8H30 \u00e0 12h.\u00a0\u00a0 <strong>Apr\u00e8s-midi:<\/strong> de 14h \u00e0 16h30.<\/p>\n<p><strong>Accueil p\u00e9riscolaire<\/strong> d\u00e8s 7h45, entre 12h et 14h et de 16h30 \u00e0 18h.<\/p>\n<p>Pas d&rsquo;\u00e9cole les mercredis, ni les samedis.<\/p>\n<p>&nbsp;<\/p>\n<h5>Contacts:<\/h5>\n<p><strong>Direction de l&rsquo;\u00e9cole:<\/strong> Mme Target<\/p>\n<p><strong>t\u00e9l<\/strong>. 04 93 63 30 05, <strong>adresse \u00e9lectronique:<\/strong> ecole.0061783f@ac-nice.fr<\/p>\n<p><strong>P\u00e9riscolaire<\/strong>, r\u00e9f\u00e9rente: Mme D. Lecomte,<\/p>\n<p><strong>adresse \u00e9lectronique:<\/strong> periscolaire.moulinneuf@biot.fr<\/p>\n<p>&nbsp;<\/p>\n<p>Diaporama des <a href=\"https:\/\/drive.google.com\/open?id=1raYMD5aGejG2a7CtPkEx0QspNDJA0sAz\" target=\"_blank\" rel=\"noopener\">locaux<\/a>.<\/p>\n<h5>Localisation:<\/h5>\n<p>880 route d&rsquo;Antibes 06410 Biot, sur une <a href=\"https:\/\/www.google.fr\/maps\/@43.6180579,7.1009112,17z\" target=\"_blank\" rel=\"noopener\">carte<\/a>&#8230;<\/p>\n<p><img loading=\"lazy\" decoding=\"async\" class=\"alignnone wp-image-256\" src=\"https:\/\/ecole.ac-nice.fr\/antibes\/moulinneufbiot\/wp-content\/uploads\/sites\/20\/2018\/01\/vue-a\u00e9rienne-300x202.jpg\" alt=\"\" width=\"300\" height=\"202\" srcset=\"https:\/\/ecole.ac-nice.fr\/antibes\/moulinneufbiot\/wp-content\/uploads\/sites\/20\/2018\/01\/vue-a\u00e9rienne-300x202.jpg 300w, https:\/\/ecole.ac-nice.fr\/antibes\/moulinneufbiot\/wp-content\/uploads\/sites\/20\/2018\/01\/vue-a\u00e9rienne-768x518.jpg 768w, https:\/\/ecole.ac-nice.fr\/antibes\/moulinneufbiot\/wp-content\/uploads\/sites\/20\/2018\/01\/vue-a\u00e9rienne.jpg 858w\" sizes=\"auto, (max-width: 300px) 100vw, 300px\" \/><\/p>\n","protected":false},"excerpt":{"rendered":"<p>N&rsquo;h\u00e9sitez pas \u00e0 venir consulter ce site r\u00e9guli\u00e8rement pour voir le travail de nos \u00e9l\u00e8ves, \u00eatre inform\u00e9(e) des derni\u00e8res nouveaut\u00e9s. Horaires de l&rsquo;\u00e9cole \u00e9l\u00e9mentaire: Matin: de 8H30 \u00e0 12h.\u00a0\u00a0 Apr\u00e8s-midi: de 14h \u00e0 16h30. Accueil p\u00e9riscolaire d\u00e8s 7h45, entre 12h et 14h et de 16h30 \u00e0 18h. Pas d&rsquo;\u00e9cole les mercredis, ni les samedis. &nbsp; &hellip; <a href=\"https:\/\/ecole.ac-nice.fr\/antibes\/moulinneufbiot\/\" class=\"more-link\">Continuer la lecture de <span class=\"screen-reader-text\">Bienvenue sur le site de l&rsquo;\u00e9cole \u00e9l\u00e9mentaire du Moulin neuf    La rentr\u00e9e aura lieu le lundi 3 septembre \u00e0 8h30<\/span> <span class=\"meta-nav\">&rarr;<\/span><\/a><\/p>\n","protected":false},"author":10,"featured_media":0,"parent":0,"menu_order":0,"comment_status":"closed","ping_status":"closed","template":"","meta":{"footnotes":""},"class_list":["post-157","page","type-page","status-publish","hentry"],"_links":{"self":[{"href":"https:\/\/ecole.ac-nice.fr\/antibes\/moulinneufbiot\/index.php?rest_route=\/wp\/v2\/pages\/157","targetHints":{"allow":["GET"]}}],"collection":[{"href":"https:\/\/ecole.ac-nice.fr\/antibes\/moulinneufbiot\/index.php?rest_route=\/wp\/v2\/pages"}],"about":[{"href":"https:\/\/ecole.ac-nice.fr\/antibes\/moulinneufbiot\/index.php?rest_route=\/wp\/v2\/types\/page"}],"author":[{"embeddable":true,"href":"https:\/\/ecole.ac-nice.fr\/antibes\/moulinneufbiot\/index.php?rest_route=\/wp\/v2\/users\/10"}],"replies":[{"embeddable":true,"href":"https:\/\/ecole.ac-nice.fr\/antibes\/moulinneufbiot\/index.php?rest_route=%2Fwp%2Fv2%2Fcomments&post=157"}],"version-history":[{"count":9,"href":"https:\/\/ecole.ac-nice.fr\/antibes\/moulinneufbiot\/index.php?rest_route=\/wp\/v2\/pages\/157\/revisions"}],"predecessor-version":[{"id":341,"href":"https:\/\/ecole.ac-nice.fr\/antibes\/moulinneufbiot\/index.php?rest_route=\/wp\/v2\/pages\/157\/revisions\/341"}],"wp:attachment":[{"href":"https:\/\/ecole.ac-nice.fr\/antibes\/moulinneufbiot\/index.php?rest_route=%2Fwp%2Fv2%2Fmedia&parent=157"}],"curies":[{"name":"wp","href":"https:\/\/api.w.org\/{rel}","templated":true}]}}