{"id":4434,"date":"2023-03-24T11:35:08","date_gmt":"2023-03-24T10:35:08","guid":{"rendered":"https:\/\/ecole.ac-nice.fr\/antibes\/?page_id=4434"},"modified":"2023-03-29T12:14:45","modified_gmt":"2023-03-29T10:14:45","slug":"la-semaine-des-templiers-a-lecole-moulin-neuf-de-biot","status":"publish","type":"page","link":"https:\/\/ecole.ac-nice.fr\/antibes\/?page_id=4434","title":{"rendered":"La semaine des templiers \u00e0 l&rsquo;\u00e9cole Moulin Neuf de Biot"},"content":{"rendered":"<p>Du 13 au 17 mars, l\u2019\u00e9cole a v\u00e9cu au rythme du moyen \u00e2ge, avec de nombreux intervenants expliquant la vie \u00e0 cette \u00e9poque des templiers, install\u00e9s \u00e0 Biot.<\/p>\n<p>L&rsquo;immersion dans le 13 \u00e8me si\u00e8cle \u00e9tait enti\u00e8re.<\/p>\n<p><img loading=\"lazy\" decoding=\"async\" class=\"alignnone wp-image-4435\" src=\"https:\/\/ecole.ac-nice.fr\/antibes\/wp-content\/uploads\/2023\/03\/IMG_0357-300x225.jpg\" alt=\"\" width=\"689\" height=\"517\" srcset=\"https:\/\/ecole.ac-nice.fr\/antibes\/wp-content\/uploads\/2023\/03\/IMG_0357-300x225.jpg 300w, https:\/\/ecole.ac-nice.fr\/antibes\/wp-content\/uploads\/2023\/03\/IMG_0357-1024x768.jpg 1024w, https:\/\/ecole.ac-nice.fr\/antibes\/wp-content\/uploads\/2023\/03\/IMG_0357-768x576.jpg 768w, https:\/\/ecole.ac-nice.fr\/antibes\/wp-content\/uploads\/2023\/03\/IMG_0357-1536x1152.jpg 1536w, https:\/\/ecole.ac-nice.fr\/antibes\/wp-content\/uploads\/2023\/03\/IMG_0357-2048x1536.jpg 2048w\" sizes=\"auto, (max-width: 689px) 100vw, 689px\" \/><\/p>\n<p><img loading=\"lazy\" decoding=\"async\" class=\"alignnone wp-image-4443\" src=\"https:\/\/ecole.ac-nice.fr\/antibes\/wp-content\/uploads\/2023\/03\/IMG_0353-300x225.jpg\" alt=\"\" width=\"676\" height=\"507\" srcset=\"https:\/\/ecole.ac-nice.fr\/antibes\/wp-content\/uploads\/2023\/03\/IMG_0353-300x225.jpg 300w, https:\/\/ecole.ac-nice.fr\/antibes\/wp-content\/uploads\/2023\/03\/IMG_0353-1024x768.jpg 1024w, https:\/\/ecole.ac-nice.fr\/antibes\/wp-content\/uploads\/2023\/03\/IMG_0353-768x576.jpg 768w, https:\/\/ecole.ac-nice.fr\/antibes\/wp-content\/uploads\/2023\/03\/IMG_0353-1536x1152.jpg 1536w, https:\/\/ecole.ac-nice.fr\/antibes\/wp-content\/uploads\/2023\/03\/IMG_0353-2048x1536.jpg 2048w\" sizes=\"auto, (max-width: 676px) 100vw, 676px\" \/><\/p>\n<p>Les \u00e9l\u00e8ves ont suivi des apprentissages transversaux : vannerie, blasons, enluminure, unit\u00e9s de mesure de l&rsquo;\u00e9poque, adoubement, combats de chevaliers, etc.<\/p>\n<p><img loading=\"lazy\" decoding=\"async\" class=\"alignnone wp-image-4436\" src=\"https:\/\/ecole.ac-nice.fr\/antibes\/wp-content\/uploads\/2023\/03\/IMG_0351-300x225.jpg\" alt=\"\" width=\"739\" height=\"554\" srcset=\"https:\/\/ecole.ac-nice.fr\/antibes\/wp-content\/uploads\/2023\/03\/IMG_0351-300x225.jpg 300w, https:\/\/ecole.ac-nice.fr\/antibes\/wp-content\/uploads\/2023\/03\/IMG_0351-1024x768.jpg 1024w, https:\/\/ecole.ac-nice.fr\/antibes\/wp-content\/uploads\/2023\/03\/IMG_0351-768x576.jpg 768w, https:\/\/ecole.ac-nice.fr\/antibes\/wp-content\/uploads\/2023\/03\/IMG_0351-1536x1152.jpg 1536w, https:\/\/ecole.ac-nice.fr\/antibes\/wp-content\/uploads\/2023\/03\/IMG_0351-2048x1536.jpg 2048w\" sizes=\"auto, (max-width: 739px) 100vw, 739px\" \/><\/p>\n<p><img loading=\"lazy\" decoding=\"async\" class=\"alignnone wp-image-4458\" src=\"https:\/\/ecole.ac-nice.fr\/antibes\/wp-content\/uploads\/2023\/03\/1680084642398-300x135.jpg\" alt=\"\" width=\"649\" height=\"292\" srcset=\"https:\/\/ecole.ac-nice.fr\/antibes\/wp-content\/uploads\/2023\/03\/1680084642398-300x135.jpg 300w, https:\/\/ecole.ac-nice.fr\/antibes\/wp-content\/uploads\/2023\/03\/1680084642398-1024x461.jpg 1024w, https:\/\/ecole.ac-nice.fr\/antibes\/wp-content\/uploads\/2023\/03\/1680084642398-768x345.jpg 768w, https:\/\/ecole.ac-nice.fr\/antibes\/wp-content\/uploads\/2023\/03\/1680084642398.jpg 1465w\" sizes=\"auto, (max-width: 649px) 100vw, 649px\" \/><\/p>\n<p><img loading=\"lazy\" decoding=\"async\" class=\"alignnone wp-image-4437\" src=\"https:\/\/ecole.ac-nice.fr\/antibes\/wp-content\/uploads\/2023\/03\/IMG_0344-300x225.jpg\" alt=\"\" width=\"711\" height=\"533\" srcset=\"https:\/\/ecole.ac-nice.fr\/antibes\/wp-content\/uploads\/2023\/03\/IMG_0344-300x225.jpg 300w, https:\/\/ecole.ac-nice.fr\/antibes\/wp-content\/uploads\/2023\/03\/IMG_0344-1024x768.jpg 1024w, https:\/\/ecole.ac-nice.fr\/antibes\/wp-content\/uploads\/2023\/03\/IMG_0344-768x576.jpg 768w, https:\/\/ecole.ac-nice.fr\/antibes\/wp-content\/uploads\/2023\/03\/IMG_0344-1536x1152.jpg 1536w, https:\/\/ecole.ac-nice.fr\/antibes\/wp-content\/uploads\/2023\/03\/IMG_0344-2048x1536.jpg 2048w\" sizes=\"auto, (max-width: 711px) 100vw, 711px\" \/><\/p>\n<p>Initiation des \u00e9l\u00e8ves \u00e0 la signification des blasons.<\/p>\n<p>La richesse de ce projet a \u00e9t\u00e9 valoris\u00e9e \u00e0 l&rsquo;occasion de la visite de M. Dermit, maire de Biot, M. Le Mercier, IA-DASEN de l&rsquo;acad\u00e9mie de Nice, Mme Canonne, Inspectrice d&rsquo;Antibes.<\/p>\n<p><img loading=\"lazy\" decoding=\"async\" class=\"alignnone wp-image-4456\" src=\"https:\/\/ecole.ac-nice.fr\/antibes\/wp-content\/uploads\/2023\/03\/1680084348804-300x135.jpg\" alt=\"\" width=\"833\" height=\"375\" srcset=\"https:\/\/ecole.ac-nice.fr\/antibes\/wp-content\/uploads\/2023\/03\/1680084348804-300x135.jpg 300w, https:\/\/ecole.ac-nice.fr\/antibes\/wp-content\/uploads\/2023\/03\/1680084348804-1024x461.jpg 1024w, https:\/\/ecole.ac-nice.fr\/antibes\/wp-content\/uploads\/2023\/03\/1680084348804-768x345.jpg 768w, https:\/\/ecole.ac-nice.fr\/antibes\/wp-content\/uploads\/2023\/03\/1680084348804.jpg 1465w\" sizes=\"auto, (max-width: 833px) 100vw, 833px\" \/><\/p>\n<p><img loading=\"lazy\" decoding=\"async\" class=\" wp-image-4459 aligncenter\" src=\"https:\/\/ecole.ac-nice.fr\/antibes\/wp-content\/uploads\/2023\/03\/1680084642420-135x300.jpg\" alt=\"\" width=\"249\" height=\"553\" srcset=\"https:\/\/ecole.ac-nice.fr\/antibes\/wp-content\/uploads\/2023\/03\/1680084642420-135x300.jpg 135w, https:\/\/ecole.ac-nice.fr\/antibes\/wp-content\/uploads\/2023\/03\/1680084642420.jpg 324w\" sizes=\"auto, (max-width: 249px) 100vw, 249px\" \/><\/p>\n<p>&nbsp;<\/p>\n<p>Les \u00e9l\u00e8ves ont appris une danse pour l&rsquo;occasion.<\/p>\n<p><img loading=\"lazy\" decoding=\"async\" class=\"alignnone wp-image-4449\" src=\"https:\/\/ecole.ac-nice.fr\/antibes\/wp-content\/uploads\/2023\/03\/02DA8B48-93A6-4502-A3DD-37593594A9ED-300x225.jpg\" alt=\"\" width=\"695\" height=\"521\" srcset=\"https:\/\/ecole.ac-nice.fr\/antibes\/wp-content\/uploads\/2023\/03\/02DA8B48-93A6-4502-A3DD-37593594A9ED-300x225.jpg 300w, https:\/\/ecole.ac-nice.fr\/antibes\/wp-content\/uploads\/2023\/03\/02DA8B48-93A6-4502-A3DD-37593594A9ED-1024x768.jpg 1024w, https:\/\/ecole.ac-nice.fr\/antibes\/wp-content\/uploads\/2023\/03\/02DA8B48-93A6-4502-A3DD-37593594A9ED-768x576.jpg 768w, https:\/\/ecole.ac-nice.fr\/antibes\/wp-content\/uploads\/2023\/03\/02DA8B48-93A6-4502-A3DD-37593594A9ED-1536x1152.jpg 1536w, https:\/\/ecole.ac-nice.fr\/antibes\/wp-content\/uploads\/2023\/03\/02DA8B48-93A6-4502-A3DD-37593594A9ED-2048x1536.jpg 2048w\" sizes=\"auto, (max-width: 695px) 100vw, 695px\" \/><\/p>\n<p>Puis ils ont particip\u00e9 au d\u00e9fil\u00e9 avec des v\u00e9ritables templiers, au son du troubadour joueur de vielle.<\/p>\n<p><img loading=\"lazy\" decoding=\"async\" class=\"alignnone wp-image-4450\" src=\"https:\/\/ecole.ac-nice.fr\/antibes\/wp-content\/uploads\/2023\/03\/13409EE4-AB06-480C-887D-A7C0A2096A84-300x225.jpg\" alt=\"\" width=\"780\" height=\"585\" srcset=\"https:\/\/ecole.ac-nice.fr\/antibes\/wp-content\/uploads\/2023\/03\/13409EE4-AB06-480C-887D-A7C0A2096A84-300x225.jpg 300w, https:\/\/ecole.ac-nice.fr\/antibes\/wp-content\/uploads\/2023\/03\/13409EE4-AB06-480C-887D-A7C0A2096A84-1024x768.jpg 1024w, https:\/\/ecole.ac-nice.fr\/antibes\/wp-content\/uploads\/2023\/03\/13409EE4-AB06-480C-887D-A7C0A2096A84-768x576.jpg 768w, https:\/\/ecole.ac-nice.fr\/antibes\/wp-content\/uploads\/2023\/03\/13409EE4-AB06-480C-887D-A7C0A2096A84-1536x1152.jpg 1536w, https:\/\/ecole.ac-nice.fr\/antibes\/wp-content\/uploads\/2023\/03\/13409EE4-AB06-480C-887D-A7C0A2096A84-2048x1536.jpg 2048w\" sizes=\"auto, (max-width: 780px) 100vw, 780px\" \/><\/p>\n<p><img loading=\"lazy\" decoding=\"async\" class=\"alignnone wp-image-4451\" src=\"https:\/\/ecole.ac-nice.fr\/antibes\/wp-content\/uploads\/2023\/03\/BD8729DA-B026-4356-8A2B-76B6E8625B2E-300x225.jpg\" alt=\"\" width=\"875\" height=\"656\" srcset=\"https:\/\/ecole.ac-nice.fr\/antibes\/wp-content\/uploads\/2023\/03\/BD8729DA-B026-4356-8A2B-76B6E8625B2E-300x225.jpg 300w, https:\/\/ecole.ac-nice.fr\/antibes\/wp-content\/uploads\/2023\/03\/BD8729DA-B026-4356-8A2B-76B6E8625B2E-1024x768.jpg 1024w, https:\/\/ecole.ac-nice.fr\/antibes\/wp-content\/uploads\/2023\/03\/BD8729DA-B026-4356-8A2B-76B6E8625B2E-768x576.jpg 768w, https:\/\/ecole.ac-nice.fr\/antibes\/wp-content\/uploads\/2023\/03\/BD8729DA-B026-4356-8A2B-76B6E8625B2E-1536x1152.jpg 1536w, https:\/\/ecole.ac-nice.fr\/antibes\/wp-content\/uploads\/2023\/03\/BD8729DA-B026-4356-8A2B-76B6E8625B2E-2048x1536.jpg 2048w\" sizes=\"auto, (max-width: 875px) 100vw, 875px\" \/><\/p>\n<p>&nbsp;<\/p>\n<p>&nbsp;<\/p>\n<p>&nbsp;<\/p>\n","protected":false},"excerpt":{"rendered":"<p>Du 13 au 17 mars, l\u2019\u00e9cole a v\u00e9cu au rythme du moyen \u00e2ge, avec de nombreux intervenants expliquant la vie \u00e0 cette \u00e9poque des templiers, install\u00e9s \u00e0 Biot. L&rsquo;immersion dans le 13 \u00e8me si\u00e8cle \u00e9tait enti\u00e8re. Les \u00e9l\u00e8ves ont suivi des apprentissages transversaux : vannerie, blasons, enluminure, unit\u00e9s de mesure de l&rsquo;\u00e9poque, adoubement, combats de &hellip; <a href=\"https:\/\/ecole.ac-nice.fr\/antibes\/?page_id=4434\" class=\"more-link\">Continuer la lecture de <span class=\"screen-reader-text\">La semaine des templiers \u00e0 l&rsquo;\u00e9cole Moulin Neuf de Biot<\/span> <span class=\"meta-nav\">&rarr;<\/span><\/a><\/p>\n","protected":false},"author":26,"featured_media":0,"parent":0,"menu_order":0,"comment_status":"closed","ping_status":"closed","template":"","meta":{"footnotes":""},"class_list":["post-4434","page","type-page","status-publish","hentry"],"_links":{"self":[{"href":"https:\/\/ecole.ac-nice.fr\/antibes\/index.php?rest_route=\/wp\/v2\/pages\/4434","targetHints":{"allow":["GET"]}}],"collection":[{"href":"https:\/\/ecole.ac-nice.fr\/antibes\/index.php?rest_route=\/wp\/v2\/pages"}],"about":[{"href":"https:\/\/ecole.ac-nice.fr\/antibes\/index.php?rest_route=\/wp\/v2\/types\/page"}],"author":[{"embeddable":true,"href":"https:\/\/ecole.ac-nice.fr\/antibes\/index.php?rest_route=\/wp\/v2\/users\/26"}],"replies":[{"embeddable":true,"href":"https:\/\/ecole.ac-nice.fr\/antibes\/index.php?rest_route=%2Fwp%2Fv2%2Fcomments&post=4434"}],"version-history":[{"count":12,"href":"https:\/\/ecole.ac-nice.fr\/antibes\/index.php?rest_route=\/wp\/v2\/pages\/4434\/revisions"}],"predecessor-version":[{"id":4461,"href":"https:\/\/ecole.ac-nice.fr\/antibes\/index.php?rest_route=\/wp\/v2\/pages\/4434\/revisions\/4461"}],"wp:attachment":[{"href":"https:\/\/ecole.ac-nice.fr\/antibes\/index.php?rest_route=%2Fwp%2Fv2%2Fmedia&parent=4434"}],"curies":[{"name":"wp","href":"https:\/\/api.w.org\/{rel}","templated":true}]}}