{"id":4117,"date":"2022-10-18T16:20:40","date_gmt":"2022-10-18T14:20:40","guid":{"rendered":"https:\/\/ecole.ac-nice.fr\/antibes\/?page_id=4117"},"modified":"2022-11-06T17:54:34","modified_gmt":"2022-11-06T16:54:34","slug":"les-journees-ela","status":"publish","type":"page","link":"https:\/\/ecole.ac-nice.fr\/antibes\/?page_id=4117","title":{"rendered":"les journ\u00e9es ELA 2022-23"},"content":{"rendered":"<p style=\"text-align: center\"><span style=\"font-size: 18pt;color: #008080\">Les journ\u00e9es ELA<\/span><\/p>\n<p><span style=\"color: #ff6600\">Lundi 17 Octobre<\/span>, \u00e0 l&rsquo;\u00e9cole <span style=\"color: #ff6600\">St Maymes<\/span> s&rsquo;est d\u00e9roul\u00e9 une apr\u00e8s midi sportive dans le cadre de l\u2019association ELA (association europ\u00e9enne contre la leucodystrophie).<\/p>\n<p>Le but \u00e9tant de r\u00e9colter de l&rsquo;argent et de courir pour une excellente cause.<\/p>\n<p>M. Alain Bernard, double m\u00e9daill\u00e9 d&rsquo;or aux jeux olympiques, \u00e9tait pr\u00e9sent \u00e0 l&rsquo;\u00e9cole.<img loading=\"lazy\" decoding=\"async\" class=\"alignnone wp-image-4118\" src=\"https:\/\/ecole.ac-nice.fr\/antibes\/wp-content\/uploads\/2022\/10\/alain-bernard-300x225.jpg\" alt=\"\" width=\"784\" height=\"588\" srcset=\"https:\/\/ecole.ac-nice.fr\/antibes\/wp-content\/uploads\/2022\/10\/alain-bernard-300x225.jpg 300w, https:\/\/ecole.ac-nice.fr\/antibes\/wp-content\/uploads\/2022\/10\/alain-bernard-768x576.jpg 768w, https:\/\/ecole.ac-nice.fr\/antibes\/wp-content\/uploads\/2022\/10\/alain-bernard.jpg 1024w\" sizes=\"auto, (max-width: 784px) 100vw, 784px\" \/><\/p>\n<p><img loading=\"lazy\" decoding=\"async\" class=\"alignnone wp-image-4127\" src=\"https:\/\/ecole.ac-nice.fr\/antibes\/wp-content\/uploads\/2022\/10\/alain-bernard-1-300x225.jpg\" alt=\"\" width=\"652\" height=\"489\" srcset=\"https:\/\/ecole.ac-nice.fr\/antibes\/wp-content\/uploads\/2022\/10\/alain-bernard-1-300x225.jpg 300w, https:\/\/ecole.ac-nice.fr\/antibes\/wp-content\/uploads\/2022\/10\/alain-bernard-1-768x576.jpg 768w, https:\/\/ecole.ac-nice.fr\/antibes\/wp-content\/uploads\/2022\/10\/alain-bernard-1.jpg 1024w\" sizes=\"auto, (max-width: 652px) 100vw, 652px\" \/><\/p>\n<p>le vendredi suivant, rendez-vous sur le stade pour la partie course \u00e0 pieds.<img loading=\"lazy\" decoding=\"async\" class=\"alignnone wp-image-4140\" src=\"https:\/\/ecole.ac-nice.fr\/antibes\/wp-content\/uploads\/2022\/10\/c2-st-maymes-ela-300x169.jpg\" alt=\"\" width=\"751\" height=\"423\" srcset=\"https:\/\/ecole.ac-nice.fr\/antibes\/wp-content\/uploads\/2022\/10\/c2-st-maymes-ela-300x169.jpg 300w, https:\/\/ecole.ac-nice.fr\/antibes\/wp-content\/uploads\/2022\/10\/c2-st-maymes-ela-1024x576.jpg 1024w, https:\/\/ecole.ac-nice.fr\/antibes\/wp-content\/uploads\/2022\/10\/c2-st-maymes-ela-768x432.jpg 768w, https:\/\/ecole.ac-nice.fr\/antibes\/wp-content\/uploads\/2022\/10\/c2-st-maymes-ela-1536x864.jpg 1536w, https:\/\/ecole.ac-nice.fr\/antibes\/wp-content\/uploads\/2022\/10\/c2-st-maymes-ela-2048x1152.jpg 2048w\" sizes=\"auto, (max-width: 751px) 100vw, 751px\" \/><\/p>\n<p><img loading=\"lazy\" decoding=\"async\" class=\"alignnone wp-image-4144\" src=\"https:\/\/ecole.ac-nice.fr\/antibes\/wp-content\/uploads\/2022\/10\/c3-st-maymes-ELA-1-300x169.jpg\" alt=\"\" width=\"793\" height=\"447\" srcset=\"https:\/\/ecole.ac-nice.fr\/antibes\/wp-content\/uploads\/2022\/10\/c3-st-maymes-ELA-1-300x169.jpg 300w, https:\/\/ecole.ac-nice.fr\/antibes\/wp-content\/uploads\/2022\/10\/c3-st-maymes-ELA-1-1024x576.jpg 1024w, https:\/\/ecole.ac-nice.fr\/antibes\/wp-content\/uploads\/2022\/10\/c3-st-maymes-ELA-1-768x432.jpg 768w, https:\/\/ecole.ac-nice.fr\/antibes\/wp-content\/uploads\/2022\/10\/c3-st-maymes-ELA-1-1536x864.jpg 1536w, https:\/\/ecole.ac-nice.fr\/antibes\/wp-content\/uploads\/2022\/10\/c3-st-maymes-ELA-1-2048x1152.jpg 2048w\" sizes=\"auto, (max-width: 793px) 100vw, 793px\" \/><\/p>\n<p><span style=\"color: #ff6600\">Mardi 18 octobre<\/span>, m\u00eame chose \u00e0 l&rsquo;\u00e9cole <span style=\"color: #ff6600\">Jean Moulin<\/span>. Apr\u00e8s un travail de sensibilisation en classe, puis un chant interpr\u00e9t\u00e9 par toute l\u2019\u00e9cole sous la direction virtuose de M. Borde, les \u00e9l\u00e8ves ont parcouru des boucles \u00e0 la course \u00e0 pieds, accompagn\u00e9s par de courageux maitres et maitresses.<\/p>\n<p>Deux gymnastes du p\u00f4le France \u00e9taient pr\u00e9sents dans les classes puis ils ont montr\u00e9 que la gymnastique d\u00e9veloppe aussi les mollets en enfilant leurs baskets.<\/p>\n<p>L&rsquo;\u00e9cole a r\u00e9colt\u00e9 environ 6000 euros qui ont \u00e9t\u00e9 revers\u00e9 \u00e0 l&rsquo;association. Une belle apr\u00e8s midi sous le soleil de Jean Moulin.<\/p>\n<p><img loading=\"lazy\" decoding=\"async\" class=\"alignnone wp-image-4136\" src=\"https:\/\/ecole.ac-nice.fr\/antibes\/wp-content\/uploads\/2022\/10\/gymnastes-en-classe1-300x225.jpg\" alt=\"\" width=\"772\" height=\"579\" srcset=\"https:\/\/ecole.ac-nice.fr\/antibes\/wp-content\/uploads\/2022\/10\/gymnastes-en-classe1-300x225.jpg 300w, https:\/\/ecole.ac-nice.fr\/antibes\/wp-content\/uploads\/2022\/10\/gymnastes-en-classe1-1024x768.jpg 1024w, https:\/\/ecole.ac-nice.fr\/antibes\/wp-content\/uploads\/2022\/10\/gymnastes-en-classe1-768x576.jpg 768w, https:\/\/ecole.ac-nice.fr\/antibes\/wp-content\/uploads\/2022\/10\/gymnastes-en-classe1-1536x1152.jpg 1536w, https:\/\/ecole.ac-nice.fr\/antibes\/wp-content\/uploads\/2022\/10\/gymnastes-en-classe1-2048x1536.jpg 2048w\" sizes=\"auto, (max-width: 772px) 100vw, 772px\" \/><\/p>\n<p><img loading=\"lazy\" decoding=\"async\" class=\"alignnone wp-image-4134\" src=\"https:\/\/ecole.ac-nice.fr\/antibes\/wp-content\/uploads\/2022\/10\/dictee1-300x225.jpg\" alt=\"\" width=\"801\" height=\"601\" srcset=\"https:\/\/ecole.ac-nice.fr\/antibes\/wp-content\/uploads\/2022\/10\/dictee1-300x225.jpg 300w, https:\/\/ecole.ac-nice.fr\/antibes\/wp-content\/uploads\/2022\/10\/dictee1-1024x768.jpg 1024w, https:\/\/ecole.ac-nice.fr\/antibes\/wp-content\/uploads\/2022\/10\/dictee1-768x576.jpg 768w, https:\/\/ecole.ac-nice.fr\/antibes\/wp-content\/uploads\/2022\/10\/dictee1-1536x1152.jpg 1536w, https:\/\/ecole.ac-nice.fr\/antibes\/wp-content\/uploads\/2022\/10\/dictee1-2048x1536.jpg 2048w\" sizes=\"auto, (max-width: 801px) 100vw, 801px\" \/><\/p>\n<p><img loading=\"lazy\" decoding=\"async\" class=\"alignnone wp-image-4135\" src=\"https:\/\/ecole.ac-nice.fr\/antibes\/wp-content\/uploads\/2022\/10\/film1-300x225.jpg\" alt=\"\" width=\"819\" height=\"614\" srcset=\"https:\/\/ecole.ac-nice.fr\/antibes\/wp-content\/uploads\/2022\/10\/film1-300x225.jpg 300w, https:\/\/ecole.ac-nice.fr\/antibes\/wp-content\/uploads\/2022\/10\/film1-1024x768.jpg 1024w, https:\/\/ecole.ac-nice.fr\/antibes\/wp-content\/uploads\/2022\/10\/film1-768x576.jpg 768w, https:\/\/ecole.ac-nice.fr\/antibes\/wp-content\/uploads\/2022\/10\/film1-1536x1152.jpg 1536w, https:\/\/ecole.ac-nice.fr\/antibes\/wp-content\/uploads\/2022\/10\/film1-2048x1536.jpg 2048w\" sizes=\"auto, (max-width: 819px) 100vw, 819px\" \/><\/p>\n<p><img loading=\"lazy\" decoding=\"async\" class=\"alignnone wp-image-4138\" src=\"https:\/\/ecole.ac-nice.fr\/antibes\/wp-content\/uploads\/2022\/10\/sur-le-stade1-300x225.jpg\" alt=\"\" width=\"707\" height=\"530\" srcset=\"https:\/\/ecole.ac-nice.fr\/antibes\/wp-content\/uploads\/2022\/10\/sur-le-stade1-300x225.jpg 300w, https:\/\/ecole.ac-nice.fr\/antibes\/wp-content\/uploads\/2022\/10\/sur-le-stade1-1024x768.jpg 1024w, https:\/\/ecole.ac-nice.fr\/antibes\/wp-content\/uploads\/2022\/10\/sur-le-stade1-768x576.jpg 768w, https:\/\/ecole.ac-nice.fr\/antibes\/wp-content\/uploads\/2022\/10\/sur-le-stade1-1536x1152.jpg 1536w, https:\/\/ecole.ac-nice.fr\/antibes\/wp-content\/uploads\/2022\/10\/sur-le-stade1-2048x1536.jpg 2048w\" sizes=\"auto, (max-width: 707px) 100vw, 707px\" \/><\/p>\n<p><img loading=\"lazy\" decoding=\"async\" class=\"alignnone wp-image-4133\" src=\"https:\/\/ecole.ac-nice.fr\/antibes\/wp-content\/uploads\/2022\/10\/course-en-fauteil1-300x225.jpg\" alt=\"\" width=\"805\" height=\"604\" srcset=\"https:\/\/ecole.ac-nice.fr\/antibes\/wp-content\/uploads\/2022\/10\/course-en-fauteil1-300x225.jpg 300w, https:\/\/ecole.ac-nice.fr\/antibes\/wp-content\/uploads\/2022\/10\/course-en-fauteil1-1024x768.jpg 1024w, https:\/\/ecole.ac-nice.fr\/antibes\/wp-content\/uploads\/2022\/10\/course-en-fauteil1-768x576.jpg 768w, https:\/\/ecole.ac-nice.fr\/antibes\/wp-content\/uploads\/2022\/10\/course-en-fauteil1-1536x1152.jpg 1536w, https:\/\/ecole.ac-nice.fr\/antibes\/wp-content\/uploads\/2022\/10\/course-en-fauteil1-2048x1536.jpg 2048w\" sizes=\"auto, (max-width: 805px) 100vw, 805px\" \/><\/p>\n<p><img loading=\"lazy\" decoding=\"async\" class=\"alignnone wp-image-4131\" src=\"https:\/\/ecole.ac-nice.fr\/antibes\/wp-content\/uploads\/2022\/10\/cest-la-course1-300x225.jpg\" alt=\"\" width=\"779\" height=\"584\" srcset=\"https:\/\/ecole.ac-nice.fr\/antibes\/wp-content\/uploads\/2022\/10\/cest-la-course1-300x225.jpg 300w, https:\/\/ecole.ac-nice.fr\/antibes\/wp-content\/uploads\/2022\/10\/cest-la-course1-1024x768.jpg 1024w, https:\/\/ecole.ac-nice.fr\/antibes\/wp-content\/uploads\/2022\/10\/cest-la-course1-768x576.jpg 768w, https:\/\/ecole.ac-nice.fr\/antibes\/wp-content\/uploads\/2022\/10\/cest-la-course1-1536x1152.jpg 1536w, https:\/\/ecole.ac-nice.fr\/antibes\/wp-content\/uploads\/2022\/10\/cest-la-course1-2048x1536.jpg 2048w\" sizes=\"auto, (max-width: 779px) 100vw, 779px\" \/><\/p>\n<p>&nbsp;<\/p>\n","protected":false},"excerpt":{"rendered":"<p>Les journ\u00e9es ELA Lundi 17 Octobre, \u00e0 l&rsquo;\u00e9cole St Maymes s&rsquo;est d\u00e9roul\u00e9 une apr\u00e8s midi sportive dans le cadre de l\u2019association ELA (association europ\u00e9enne contre la leucodystrophie). Le but \u00e9tant de r\u00e9colter de l&rsquo;argent et de courir pour une excellente cause. M. Alain Bernard, double m\u00e9daill\u00e9 d&rsquo;or aux jeux olympiques, \u00e9tait pr\u00e9sent \u00e0 l&rsquo;\u00e9cole. le &hellip; <a href=\"https:\/\/ecole.ac-nice.fr\/antibes\/?page_id=4117\" class=\"more-link\">Continuer la lecture de <span class=\"screen-reader-text\">les journ\u00e9es ELA 2022-23<\/span> <span class=\"meta-nav\">&rarr;<\/span><\/a><\/p>\n","protected":false},"author":26,"featured_media":0,"parent":0,"menu_order":0,"comment_status":"closed","ping_status":"closed","template":"","meta":{"footnotes":""},"class_list":["post-4117","page","type-page","status-publish","hentry"],"_links":{"self":[{"href":"https:\/\/ecole.ac-nice.fr\/antibes\/index.php?rest_route=\/wp\/v2\/pages\/4117","targetHints":{"allow":["GET"]}}],"collection":[{"href":"https:\/\/ecole.ac-nice.fr\/antibes\/index.php?rest_route=\/wp\/v2\/pages"}],"about":[{"href":"https:\/\/ecole.ac-nice.fr\/antibes\/index.php?rest_route=\/wp\/v2\/types\/page"}],"author":[{"embeddable":true,"href":"https:\/\/ecole.ac-nice.fr\/antibes\/index.php?rest_route=\/wp\/v2\/users\/26"}],"replies":[{"embeddable":true,"href":"https:\/\/ecole.ac-nice.fr\/antibes\/index.php?rest_route=%2Fwp%2Fv2%2Fcomments&post=4117"}],"version-history":[{"count":16,"href":"https:\/\/ecole.ac-nice.fr\/antibes\/index.php?rest_route=\/wp\/v2\/pages\/4117\/revisions"}],"predecessor-version":[{"id":4152,"href":"https:\/\/ecole.ac-nice.fr\/antibes\/index.php?rest_route=\/wp\/v2\/pages\/4117\/revisions\/4152"}],"wp:attachment":[{"href":"https:\/\/ecole.ac-nice.fr\/antibes\/index.php?rest_route=%2Fwp%2Fv2%2Fmedia&parent=4117"}],"curies":[{"name":"wp","href":"https:\/\/api.w.org\/{rel}","templated":true}]}}