{"id":302,"date":"2018-12-14T11:45:52","date_gmt":"2018-12-14T10:45:52","guid":{"rendered":"http:\/\/ecole.ac-nice.fr\/antibes\/?page_id=302"},"modified":"2022-08-30T15:17:24","modified_gmt":"2022-08-30T13:17:24","slug":"accueil","status":"publish","type":"page","link":"https:\/\/ecole.ac-nice.fr\/antibes\/","title":{"rendered":"Accueil"},"content":{"rendered":"<p>Bienvenue sur le site de l&rsquo;Inspection de l&rsquo;Education Nationale de la circonscription\u00a0\u00a0\u00a0\u00a0\u00a0\u00a0\u00a0 d&rsquo;Antibes.<\/p>\n<p>La circonscription d&rsquo;Antibes regroupe les \u00e9coles \u00e9l\u00e9mentaires, maternelles et primaires <em>(publiques et priv\u00e9es sous contrat d&rsquo;association)<\/em> de la commune d&rsquo;Antibes &#8211; Juan-les-Pins ainsi que l&rsquo;\u00e9cole Moulin Neuf de la commune de Biot.<\/p>\n<p>L&rsquo;Inspection de l&rsquo;Education Nationale <strong>veille \u00e0 la mise en \u0153uvre de la politique \u00e9ducative<\/strong> dans les classes et les \u00e9coles de la circonscription.<\/p>\n<p style=\"text-align: center\"><img loading=\"lazy\" decoding=\"async\" class=\"\" src=\"http:\/\/ecole.ac-nice.fr\/antibes\/wp-content\/uploads\/2021\/09\/bonne-rentree.gif\" width=\"439\" height=\"338\" \/><\/p>\n<p>&nbsp;<\/p>\n<p>&nbsp;<\/p>\n<p>&nbsp;<\/p>\n<p>&nbsp;<\/p>\n<p>&nbsp;<\/p>\n<p>&nbsp;<\/p>\n","protected":false},"excerpt":{"rendered":"<p>Bienvenue sur le site de l&rsquo;Inspection de l&rsquo;Education Nationale de la circonscription\u00a0\u00a0\u00a0\u00a0\u00a0\u00a0\u00a0 d&rsquo;Antibes. La circonscription d&rsquo;Antibes regroupe les \u00e9coles \u00e9l\u00e9mentaires, maternelles et primaires (publiques et priv\u00e9es sous contrat d&rsquo;association) de la commune d&rsquo;Antibes &#8211; Juan-les-Pins ainsi que l&rsquo;\u00e9cole Moulin Neuf de la commune de Biot. L&rsquo;Inspection de l&rsquo;Education Nationale veille \u00e0 la mise en \u0153uvre &hellip; <a href=\"https:\/\/ecole.ac-nice.fr\/antibes\/\" class=\"more-link\">Continuer la lecture de <span class=\"screen-reader-text\">Accueil<\/span> <span class=\"meta-nav\">&rarr;<\/span><\/a><\/p>\n","protected":false},"author":36,"featured_media":226,"parent":0,"menu_order":0,"comment_status":"closed","ping_status":"closed","template":"","meta":{"footnotes":""},"class_list":["post-302","page","type-page","status-publish","has-post-thumbnail","hentry"],"_links":{"self":[{"href":"https:\/\/ecole.ac-nice.fr\/antibes\/index.php?rest_route=\/wp\/v2\/pages\/302","targetHints":{"allow":["GET"]}}],"collection":[{"href":"https:\/\/ecole.ac-nice.fr\/antibes\/index.php?rest_route=\/wp\/v2\/pages"}],"about":[{"href":"https:\/\/ecole.ac-nice.fr\/antibes\/index.php?rest_route=\/wp\/v2\/types\/page"}],"author":[{"embeddable":true,"href":"https:\/\/ecole.ac-nice.fr\/antibes\/index.php?rest_route=\/wp\/v2\/users\/36"}],"replies":[{"embeddable":true,"href":"https:\/\/ecole.ac-nice.fr\/antibes\/index.php?rest_route=%2Fwp%2Fv2%2Fcomments&post=302"}],"version-history":[{"count":25,"href":"https:\/\/ecole.ac-nice.fr\/antibes\/index.php?rest_route=\/wp\/v2\/pages\/302\/revisions"}],"predecessor-version":[{"id":4757,"href":"https:\/\/ecole.ac-nice.fr\/antibes\/index.php?rest_route=\/wp\/v2\/pages\/302\/revisions\/4757"}],"wp:featuredmedia":[{"embeddable":true,"href":"https:\/\/ecole.ac-nice.fr\/antibes\/index.php?rest_route=\/wp\/v2\/media\/226"}],"wp:attachment":[{"href":"https:\/\/ecole.ac-nice.fr\/antibes\/index.php?rest_route=%2Fwp%2Fv2%2Fmedia&parent=302"}],"curies":[{"name":"wp","href":"https:\/\/api.w.org\/{rel}","templated":true}]}}